{"id":96,"date":"2019-03-27T14:02:59","date_gmt":"2019-03-27T14:02:59","guid":{"rendered":"http:\/\/c3.usac.edu.gt\/cefol.usac.edu.gt\/public_html2\/?page_id=96"},"modified":"2025-09-30T20:02:16","modified_gmt":"2025-09-30T20:02:16","slug":"byron-fernando-garcia","status":"publish","type":"page","link":"https:\/\/ceceg.usac.edu.gt\/index.php\/byron-fernando-garcia\/","title":{"rendered":"Byron Fernando Garc\u00eda"},"content":{"rendered":"<div class=\"wp-block-image is-style-rounded\">\n<figure class=\"aligncenter size-large\"><img loading=\"lazy\" decoding=\"async\" width=\"1024\" height=\"684\" src=\"https:\/\/ceceg.usac.edu.gt\/wp-content\/uploads\/2023\/05\/FAB_6865-1024x684.jpg\" alt=\"\" class=\"wp-image-849\" srcset=\"https:\/\/ceceg.usac.edu.gt\/wp-content\/uploads\/2023\/05\/FAB_6865-1024x684.jpg 1024w, https:\/\/ceceg.usac.edu.gt\/wp-content\/uploads\/2023\/05\/FAB_6865-300x200.jpg 300w, https:\/\/ceceg.usac.edu.gt\/wp-content\/uploads\/2023\/05\/FAB_6865-768x513.jpg 768w, https:\/\/ceceg.usac.edu.gt\/wp-content\/uploads\/2023\/05\/FAB_6865-1536x1025.jpg 1536w, https:\/\/ceceg.usac.edu.gt\/wp-content\/uploads\/2023\/05\/FAB_6865-2048x1367.jpg 2048w\" sizes=\"auto, (max-width: 1024px) 100vw, 1024px\" \/><\/figure>\n<\/div>\n\n\n<hr class=\"wp-block-separator has-css-opacity\"\/>\n\n\n\n<ul style=\"background:linear-gradient(135deg,rgb(204,246,232) 0%,rgb(238,245,225) 53%,rgb(186,222,204) 100%)\" class=\"wp-block-list has-background\">\n<li>Nombre: <strong>Byron Fernando Garc\u00eda Astorga<\/strong><\/li>\n\n\n\n<li>Nacionalidad: <strong>Guatemalteco<\/strong><\/li>\n\n\n\n<li>Grado acad\u00e9mico: <strong>Licenciado en Psicolog\u00eda <\/strong><\/li>\n\n\n\n<li>Correo electr\u00f3nico: <strong>bfgastorga@hotmail.com<\/strong><\/li>\n\n\n\n<li>Lugar de trabajo: <strong>Centro de Estudios de las Culturas en Guatemala<\/strong> <strong>CECEG\/USAC<\/strong><\/li>\n<\/ul>\n\n\n\n<hr class=\"wp-block-separator has-css-opacity\"\/>\n\n\n\n<p><strong>Publicaciones:<\/strong><\/p>\n\n\n\n<ul class=\"wp-block-list\">\n<li><a href=\"https:\/\/revistasceceg.usac.edu.gt\/detallearticulo.php?c=546&amp;a=2369\">Pensamientos y emociones despu\u00e9s de haber contra\u00eddo COVID-2019. Utilizaci\u00f3n del eucalipto para tratar secuelas pulmonares por el virus en los habitantes de la zona 11 de la ciudad capital de Guatemala<\/a><\/li>\n\n\n\n<li><a href=\"https:\/\/revistasceceg.usac.edu.gt\/detallearticulo.php?c=546&amp;a=2371\">Medicina Popular e historia de vida de Guillermo M\u00e9ndez Santizo<\/a><\/li>\n\n\n\n<li><a href=\"https:\/\/revistasceceg.usac.edu.gt\/detallearticulo.php?c=546&amp;a=2373\">Estados emocionales ante COVID-19 en los habitantes de la zona 11 de la ciudad de Guatemala<\/a><\/li>\n\n\n\n<li><a href=\"https:\/\/revistasceceg.usac.edu.gt\/detallearticulo.php?c=543&amp;a=2251\">Importancia de la medicina tradicional en las personas ante la pandemia de covid-19 en los hogares de familias en Mixco<\/a><\/li>\n\n\n\n<li><a href=\"https:\/\/revistasceceg.usac.edu.gt\/detallearticulo.php?c=542&amp;a=2235\">Medicina tradicional, pensamiento y creencia con relaci\u00f3n a su utilizaci\u00f3n ante la pandemia de covid-19<\/a><\/li>\n<\/ul>\n\n\n\n<hr class=\"wp-block-separator has-css-opacity\"\/>\n","protected":false},"excerpt":{"rendered":"<p>Publicaciones:<\/p>\n","protected":false},"author":1,"featured_media":0,"parent":0,"menu_order":0,"comment_status":"closed","ping_status":"closed","template":"","meta":{"footnotes":""},"class_list":["post-96","page","type-page","status-publish","czr-hentry"],"_links":{"self":[{"href":"https:\/\/ceceg.usac.edu.gt\/index.php\/wp-json\/wp\/v2\/pages\/96","targetHints":{"allow":["GET"]}}],"collection":[{"href":"https:\/\/ceceg.usac.edu.gt\/index.php\/wp-json\/wp\/v2\/pages"}],"about":[{"href":"https:\/\/ceceg.usac.edu.gt\/index.php\/wp-json\/wp\/v2\/types\/page"}],"author":[{"embeddable":true,"href":"https:\/\/ceceg.usac.edu.gt\/index.php\/wp-json\/wp\/v2\/users\/1"}],"replies":[{"embeddable":true,"href":"https:\/\/ceceg.usac.edu.gt\/index.php\/wp-json\/wp\/v2\/comments?post=96"}],"version-history":[{"count":4,"href":"https:\/\/ceceg.usac.edu.gt\/index.php\/wp-json\/wp\/v2\/pages\/96\/revisions"}],"predecessor-version":[{"id":7135,"href":"https:\/\/ceceg.usac.edu.gt\/index.php\/wp-json\/wp\/v2\/pages\/96\/revisions\/7135"}],"wp:attachment":[{"href":"https:\/\/ceceg.usac.edu.gt\/index.php\/wp-json\/wp\/v2\/media?parent=96"}],"curies":[{"name":"wp","href":"https:\/\/api.w.org\/{rel}","templated":true}]}}