{"id":94,"date":"2019-03-27T14:02:34","date_gmt":"2019-03-27T14:02:34","guid":{"rendered":"http:\/\/c3.usac.edu.gt\/cefol.usac.edu.gt\/public_html2\/?page_id=94"},"modified":"2025-09-30T19:59:25","modified_gmt":"2025-09-30T19:59:25","slug":"abraham-solorzano","status":"publish","type":"page","link":"https:\/\/ceceg.usac.edu.gt\/index.php\/abraham-solorzano\/","title":{"rendered":"Abraham Sol\u00f3rzano"},"content":{"rendered":"<div class=\"wp-block-image is-style-rounded\">\n<figure class=\"aligncenter size-large\"><img loading=\"lazy\" decoding=\"async\" width=\"1024\" height=\"684\" src=\"https:\/\/ceceg.usac.edu.gt\/wp-content\/uploads\/2023\/05\/FAB_6881-1024x684.jpg\" alt=\"\" class=\"wp-image-842\" srcset=\"https:\/\/ceceg.usac.edu.gt\/wp-content\/uploads\/2023\/05\/FAB_6881-1024x684.jpg 1024w, https:\/\/ceceg.usac.edu.gt\/wp-content\/uploads\/2023\/05\/FAB_6881-300x200.jpg 300w, https:\/\/ceceg.usac.edu.gt\/wp-content\/uploads\/2023\/05\/FAB_6881-768x513.jpg 768w, https:\/\/ceceg.usac.edu.gt\/wp-content\/uploads\/2023\/05\/FAB_6881-1536x1025.jpg 1536w, https:\/\/ceceg.usac.edu.gt\/wp-content\/uploads\/2023\/05\/FAB_6881-2048x1367.jpg 2048w\" sizes=\"auto, (max-width: 1024px) 100vw, 1024px\" \/><figcaption class=\"wp-element-caption\"><br><\/figcaption><\/figure>\n<\/div>\n\n\n<hr class=\"wp-block-separator has-css-opacity\"\/>\n\n\n\n<ul style=\"background:linear-gradient(135deg,rgb(204,246,232) 0%,rgb(238,245,225) 49%,rgb(186,222,204) 99%)\" class=\"wp-block-list has-background\">\n<li>Nombre: <strong>Abraham Israel Sol\u00f3rzano Vega<\/strong><\/li>\n\n\n\n<li>Nacionalidad: <strong>Guatemalteco<\/strong><\/li>\n\n\n\n<li>Grado acad\u00e9mico:  <strong>Licenciado en Historia<\/strong> <\/li>\n\n\n\n<li>Correo electr\u00f3nico: <strong>aisvphoenix@yahoo.com<\/strong> <\/li>\n\n\n\n<li>Lugar de trabajo: <strong>Centro de Estudios de las Culturas en Guatemala<\/strong> <strong>CECEG\/USAC<\/strong><\/li>\n<\/ul>\n\n\n\n<hr class=\"wp-block-separator has-css-opacity\"\/>\n\n\n\n<p><\/p>\n\n\n\n<p><strong>Publicaciones:<\/strong><\/p>\n\n\n\n<ul class=\"wp-block-list\">\n<li><a href=\"https:\/\/revistasceceg.usac.edu.gt\/detallearticulo.php?c=513&amp;a=2064\">LAS COFRAD\u00cdAS DE CHIQUIMULA Y LA INTERVENCI\u00d3N DE LA IGLESIA EN EL SIGLO XVIII<\/a><\/li>\n\n\n\n<li><a href=\"https:\/\/revistasceceg.usac.edu.gt\/detallearticulo.php?c=527&amp;a=2126\">Proceso de introducci\u00f3n de agua al pueblo de Mixco (1774-1803) y algunos datos contempor\u00e1neos con relaci\u00f3n al l\u00edquido<\/a><\/li>\n\n\n\n<li><a href=\"https:\/\/revistasceceg.usac.edu.gt\/detallearticulo.php?c=528&amp;a=2132\">Organizaci\u00f3n de la cofrad\u00eda de Santo Domingo de Guzm\u00e1n del municipio de Mixco (2018-19) y su participaci\u00f3n pol\u00edtica<\/a><\/li>\n\n\n\n<li><a href=\"https:\/\/revistasceceg.usac.edu.gt\/detallearticulo.php?c=542&amp;a=2237\">Medidas implementadas por el Gobierno de Guatemala para la prevenci\u00f3n, contenci\u00f3n y mitigaci\u00f3n de la covid-19, marzo a julio 2020<\/a><\/li>\n\n\n\n<li><a href=\"https:\/\/revistasceceg.usac.edu.gt\/detallearticulo.php?c=543&amp;a=2253\">La reapertura y el camino hacia la nueva normalidad en Guatemala<\/a><\/li>\n<\/ul>\n\n\n\n<hr class=\"wp-block-separator has-css-opacity\"\/>\n\n\n\n<p><\/p>\n\n\n\n<p><\/p>\n","protected":false},"excerpt":{"rendered":"<p>Publicaciones:<\/p>\n","protected":false},"author":1,"featured_media":0,"parent":0,"menu_order":0,"comment_status":"closed","ping_status":"closed","template":"","meta":{"footnotes":""},"class_list":["post-94","page","type-page","status-publish","czr-hentry"],"_links":{"self":[{"href":"https:\/\/ceceg.usac.edu.gt\/index.php\/wp-json\/wp\/v2\/pages\/94","targetHints":{"allow":["GET"]}}],"collection":[{"href":"https:\/\/ceceg.usac.edu.gt\/index.php\/wp-json\/wp\/v2\/pages"}],"about":[{"href":"https:\/\/ceceg.usac.edu.gt\/index.php\/wp-json\/wp\/v2\/types\/page"}],"author":[{"embeddable":true,"href":"https:\/\/ceceg.usac.edu.gt\/index.php\/wp-json\/wp\/v2\/users\/1"}],"replies":[{"embeddable":true,"href":"https:\/\/ceceg.usac.edu.gt\/index.php\/wp-json\/wp\/v2\/comments?post=94"}],"version-history":[{"count":10,"href":"https:\/\/ceceg.usac.edu.gt\/index.php\/wp-json\/wp\/v2\/pages\/94\/revisions"}],"predecessor-version":[{"id":7131,"href":"https:\/\/ceceg.usac.edu.gt\/index.php\/wp-json\/wp\/v2\/pages\/94\/revisions\/7131"}],"wp:attachment":[{"href":"https:\/\/ceceg.usac.edu.gt\/index.php\/wp-json\/wp\/v2\/media?parent=94"}],"curies":[{"name":"wp","href":"https:\/\/api.w.org\/{rel}","templated":true}]}}