{"id":91,"date":"2019-03-27T14:01:23","date_gmt":"2019-03-27T14:01:23","guid":{"rendered":"http:\/\/c3.usac.edu.gt\/cefol.usac.edu.gt\/public_html2\/?page_id=91"},"modified":"2025-09-30T20:01:00","modified_gmt":"2025-09-30T20:01:00","slug":"aracely-esquivel","status":"publish","type":"page","link":"https:\/\/ceceg.usac.edu.gt\/index.php\/aracely-esquivel\/","title":{"rendered":"Aracely Esquivel"},"content":{"rendered":"<div class=\"wp-block-image is-style-rounded\">\n<figure class=\"aligncenter size-large\"><img loading=\"lazy\" decoding=\"async\" width=\"1024\" height=\"684\" src=\"https:\/\/ceceg.usac.edu.gt\/wp-content\/uploads\/2023\/05\/FAB_6862-1024x684.jpg\" alt=\"\" class=\"wp-image-845\" srcset=\"https:\/\/ceceg.usac.edu.gt\/wp-content\/uploads\/2023\/05\/FAB_6862-1024x684.jpg 1024w, https:\/\/ceceg.usac.edu.gt\/wp-content\/uploads\/2023\/05\/FAB_6862-300x200.jpg 300w, https:\/\/ceceg.usac.edu.gt\/wp-content\/uploads\/2023\/05\/FAB_6862-768x513.jpg 768w, https:\/\/ceceg.usac.edu.gt\/wp-content\/uploads\/2023\/05\/FAB_6862-1536x1025.jpg 1536w, https:\/\/ceceg.usac.edu.gt\/wp-content\/uploads\/2023\/05\/FAB_6862-2048x1367.jpg 2048w\" sizes=\"auto, (max-width: 1024px) 100vw, 1024px\" \/><\/figure>\n<\/div>\n\n\n<hr class=\"wp-block-separator has-css-opacity\"\/>\n\n\n\n<ul style=\"background:linear-gradient(135deg,rgb(204,246,232) 0%,rgb(238,245,225) 50%,rgb(186,222,204) 100%)\" class=\"wp-block-list has-background\">\n<li>Nombre: <strong>Aracely Esquivel V\u00e1squez<\/strong><\/li>\n\n\n\n<li>Nacionalidad: <strong>Guatemalteca<\/strong> <\/li>\n\n\n\n<li>Grado acad\u00e9mico: <strong>Licenciada en Antropolog\u00eda<\/strong> <\/li>\n\n\n\n<li>Correo electr\u00f3nico: <strong>aracely_esquivel@hotmail.com<\/strong><\/li>\n\n\n\n<li>Lugar de trabajo: <strong>Centro de Estudios de las Culturas en Guatemala<\/strong> <strong>CECEG\/USAC<\/strong><\/li>\n<\/ul>\n\n\n\n<hr class=\"wp-block-separator has-css-opacity\"\/>\n\n\n\n<p><strong>Publicaciones:<\/strong><\/p>\n\n\n\n<ul class=\"wp-block-list\">\n<li><a href=\"https:\/\/revistasceceg.usac.edu.gt\/detallearticulo.php?c=546&amp;a=2319\">Estudio etnogr\u00e1fico de la cabecera municipal de Moyuta, Jutiapa: Producci\u00f3n artesanal y tradici\u00f3n oral<\/a><\/li>\n\n\n\n<li><a href=\"https:\/\/revistasceceg.usac.edu.gt\/detallearticulo.php?c=546&amp;a=2321\">La historia local y las artes populares presentes en Barranca Honda, Moyuta, Jutiapa<\/a><\/li>\n\n\n\n<li><a href=\"https:\/\/revistasceceg.usac.edu.gt\/detallearticulo.php?c=546&amp;a=2323\">Productos agr\u00edcolas tradicionales en tierras del suroriente de Jutiapa<\/a><\/li>\n\n\n\n<li><a href=\"https:\/\/revistasceceg.usac.edu.gt\/detallearticulo.php?c=543&amp;a=2241\">Impacto econ\u00f3mico provocado por el Sars-Cov2 en la producci\u00f3n de la cer\u00e1mica de Antigua Guatemala y Conguaco, Jutiapa<\/a><\/li>\n\n\n\n<li><a href=\"https:\/\/revistasceceg.usac.edu.gt\/detallearticulo.php?c=542&amp;a=2222\">Los saberes ancestrales de las mujeres alfareras y bordadoras: Zapotit\u00e1n, Jutiapa<\/a><\/li>\n<\/ul>\n\n\n\n<hr class=\"wp-block-separator has-css-opacity\"\/>\n","protected":false},"excerpt":{"rendered":"<p>Publicaciones:<\/p>\n","protected":false},"author":1,"featured_media":0,"parent":0,"menu_order":0,"comment_status":"closed","ping_status":"closed","template":"","meta":{"footnotes":""},"class_list":["post-91","page","type-page","status-publish","czr-hentry"],"_links":{"self":[{"href":"https:\/\/ceceg.usac.edu.gt\/index.php\/wp-json\/wp\/v2\/pages\/91","targetHints":{"allow":["GET"]}}],"collection":[{"href":"https:\/\/ceceg.usac.edu.gt\/index.php\/wp-json\/wp\/v2\/pages"}],"about":[{"href":"https:\/\/ceceg.usac.edu.gt\/index.php\/wp-json\/wp\/v2\/types\/page"}],"author":[{"embeddable":true,"href":"https:\/\/ceceg.usac.edu.gt\/index.php\/wp-json\/wp\/v2\/users\/1"}],"replies":[{"embeddable":true,"href":"https:\/\/ceceg.usac.edu.gt\/index.php\/wp-json\/wp\/v2\/comments?post=91"}],"version-history":[{"count":4,"href":"https:\/\/ceceg.usac.edu.gt\/index.php\/wp-json\/wp\/v2\/pages\/91\/revisions"}],"predecessor-version":[{"id":7133,"href":"https:\/\/ceceg.usac.edu.gt\/index.php\/wp-json\/wp\/v2\/pages\/91\/revisions\/7133"}],"wp:attachment":[{"href":"https:\/\/ceceg.usac.edu.gt\/index.php\/wp-json\/wp\/v2\/media?parent=91"}],"curies":[{"name":"wp","href":"https:\/\/api.w.org\/{rel}","templated":true}]}}