{"id":685,"date":"2020-07-20T21:46:28","date_gmt":"2020-07-20T21:46:28","guid":{"rendered":"https:\/\/ceceg.usac.edu.gt\/?page_id=685"},"modified":"2025-09-30T20:07:54","modified_gmt":"2025-09-30T20:07:54","slug":"artemis-torres-valenzuela","status":"publish","type":"page","link":"https:\/\/ceceg.usac.edu.gt\/index.php\/artemis-torres-valenzuela\/","title":{"rendered":"Artemis Torres Valenzuela"},"content":{"rendered":"<div class=\"wp-block-image is-style-rounded\">\n<figure class=\"aligncenter size-large\"><img loading=\"lazy\" decoding=\"async\" width=\"1024\" height=\"684\" src=\"https:\/\/ceceg.usac.edu.gt\/wp-content\/uploads\/2023\/05\/FAB_6872-1024x684.jpg\" alt=\"\" class=\"wp-image-847\" srcset=\"https:\/\/ceceg.usac.edu.gt\/wp-content\/uploads\/2023\/05\/FAB_6872-1024x684.jpg 1024w, https:\/\/ceceg.usac.edu.gt\/wp-content\/uploads\/2023\/05\/FAB_6872-300x200.jpg 300w, https:\/\/ceceg.usac.edu.gt\/wp-content\/uploads\/2023\/05\/FAB_6872-768x513.jpg 768w, https:\/\/ceceg.usac.edu.gt\/wp-content\/uploads\/2023\/05\/FAB_6872-1536x1025.jpg 1536w, https:\/\/ceceg.usac.edu.gt\/wp-content\/uploads\/2023\/05\/FAB_6872-2048x1367.jpg 2048w\" sizes=\"auto, (max-width: 1024px) 100vw, 1024px\" \/><\/figure>\n<\/div>\n\n\n<hr class=\"wp-block-separator has-alpha-channel-opacity\"\/>\n\n\n\n<ul style=\"background:linear-gradient(135deg,rgb(204,246,232) 0%,rgb(238,245,225) 52%,rgb(186,222,204) 100%)\" class=\"wp-block-list has-background\">\n<li>Nombre:&nbsp;<strong>Artemis Torres Valenzuela<\/strong><\/li>\n\n\n\n<li>Nacionalidad:&nbsp;<strong>Guatemalteca<\/strong><\/li>\n\n\n\n<li>Grado acad\u00e9mico:<strong>&nbsp;Licenciada en Historia. Doctora en Filosof\u00eda<\/strong><\/li>\n\n\n\n<li>Correo electr\u00f3nico:&nbsp;<strong>torresartemis@gmail.com<\/strong><\/li>\n\n\n\n<li>Lugar de trabajo:&nbsp;<strong>Centro de Estudios de las Culturas en Guatemala<\/strong> <strong>CECEG\/USAC<\/strong><\/li>\n<\/ul>\n\n\n\n<p><strong>Publicaciones:<\/strong><\/p>\n\n\n\n<ul class=\"wp-block-list\">\n<li><a href=\"https:\/\/revistasceceg.usac.edu.gt\/detallearticulo.php?c=546&amp;a=2327\">Apreciaciones hist\u00f3ricas y la \u201cIndependencia\u201d a trav\u00e9s de las obras: Anotaciones de Historia Patria Centroamericana y La influencia de Espa\u00f1a en la formaci\u00f3n de la nacionalidad centroamericana. Ensayo hist\u00f3rico cr\u00edtico, de Jos\u00e9 Mata Gavidia<\/a><\/li>\n\n\n\n<li><a href=\"https:\/\/revistasceceg.usac.edu.gt\/detallearticulo.php?c=546&amp;a=2329\">C\u00e1tedra Benito Ju\u00e1rez: un espacio acad\u00e9mico cr\u00edtico de la Universidad de San Carlos de Guatemala<\/a><\/li>\n\n\n\n<li><a href=\"https:\/\/revistasceceg.usac.edu.gt\/detallearticulo.php?c=543&amp;a=2243\">El covid-19 datos hist\u00f3ricos y contextuales: breves aportes para una interpretaci\u00f3n de la pandemia<\/a><\/li>\n\n\n\n<li><a href=\"https:\/\/revistasceceg.usac.edu.gt\/detallearticulo.php?c=542&amp;a=2229\">Consideraciones cr\u00edticas acerca de la obra: Tiempos recios de Mario Vargas Llosa<\/a><\/li>\n<\/ul>\n","protected":false},"excerpt":{"rendered":"<p>Publicaciones:<\/p>\n","protected":false},"author":2,"featured_media":0,"parent":0,"menu_order":0,"comment_status":"closed","ping_status":"closed","template":"","meta":{"footnotes":""},"class_list":["post-685","page","type-page","status-publish","czr-hentry"],"_links":{"self":[{"href":"https:\/\/ceceg.usac.edu.gt\/index.php\/wp-json\/wp\/v2\/pages\/685","targetHints":{"allow":["GET"]}}],"collection":[{"href":"https:\/\/ceceg.usac.edu.gt\/index.php\/wp-json\/wp\/v2\/pages"}],"about":[{"href":"https:\/\/ceceg.usac.edu.gt\/index.php\/wp-json\/wp\/v2\/types\/page"}],"author":[{"embeddable":true,"href":"https:\/\/ceceg.usac.edu.gt\/index.php\/wp-json\/wp\/v2\/users\/2"}],"replies":[{"embeddable":true,"href":"https:\/\/ceceg.usac.edu.gt\/index.php\/wp-json\/wp\/v2\/comments?post=685"}],"version-history":[{"count":8,"href":"https:\/\/ceceg.usac.edu.gt\/index.php\/wp-json\/wp\/v2\/pages\/685\/revisions"}],"predecessor-version":[{"id":7140,"href":"https:\/\/ceceg.usac.edu.gt\/index.php\/wp-json\/wp\/v2\/pages\/685\/revisions\/7140"}],"wp:attachment":[{"href":"https:\/\/ceceg.usac.edu.gt\/index.php\/wp-json\/wp\/v2\/media?parent=685"}],"curies":[{"name":"wp","href":"https:\/\/api.w.org\/{rel}","templated":true}]}}