{"id":33,"date":"2019-03-26T16:58:46","date_gmt":"2019-03-26T16:58:46","guid":{"rendered":"http:\/\/c3.usac.edu.gt\/cefol.usac.edu.gt\/public_html2\/?page_id=33"},"modified":"2025-10-01T15:42:54","modified_gmt":"2025-10-01T15:42:54","slug":"nuestra-historia","status":"publish","type":"page","link":"https:\/\/ceceg.usac.edu.gt\/index.php\/nuestra-historia\/","title":{"rendered":"Nuestra Historia"},"content":{"rendered":"\n<figure class=\"wp-block-image size-large\"><img loading=\"lazy\" decoding=\"async\" width=\"1024\" height=\"293\" src=\"https:\/\/ceceg.usac.edu.gt\/wp-content\/uploads\/2025\/09\/Nuestra-Historia-1024x293.jpg\" alt=\"\" class=\"wp-image-6972\" srcset=\"https:\/\/ceceg.usac.edu.gt\/wp-content\/uploads\/2025\/09\/Nuestra-Historia-1024x293.jpg 1024w, https:\/\/ceceg.usac.edu.gt\/wp-content\/uploads\/2025\/09\/Nuestra-Historia-300x86.jpg 300w, https:\/\/ceceg.usac.edu.gt\/wp-content\/uploads\/2025\/09\/Nuestra-Historia-768x219.jpg 768w, https:\/\/ceceg.usac.edu.gt\/wp-content\/uploads\/2025\/09\/Nuestra-Historia.jpg 1400w\" sizes=\"auto, (max-width: 1024px) 100vw, 1024px\" \/><\/figure>\n\n\n\n<hr class=\"wp-block-separator has-css-opacity\"\/>\n\n\n\n<p class=\"has-background\" style=\"background-color:#c2822921\">El Centro de Estudios de las Culturas en Guatemala de la Universidad de San Carlos de Guatemala \u2013CECEG \u2013cuya nueva denominaci\u00f3n se aprob\u00f3 por el Honorable Consejo Superior Universitario en el \u201cpunto SEGUNDO, Inciso 2.1 Subinciso 2.1.1 del Acta No. 18-2019 de sesi\u00f3n ordinaria celebrada el d\u00eda 24 de julio de 2019\u201d, tiene sus ra\u00edces en el Centro de Estudios Folkl\u00f3ricos &nbsp;que a su vez surge producto del Primer Acuerdo de la Junta Directiva y Ejecutiva de la Asociaci\u00f3n de Estudiantes Universitarios (AEU), del 7 de noviembre de 1953, en el que se cre\u00f3 el Instituto de Investigaciones Hist\u00f3ricas y Sociales, para el que fue nombrado director Janos de Szeczy y, en su primer Bolet\u00edn de Informaci\u00f3n, public\u00f3 una nota titulada \u201cMuseo de arte popular\u201d en la que se hac\u00eda hincapi\u00e9 en la necesidad de rescatar y proteger las artes populares y en el deber que tiene la Universidad de contribuir al estudio responsable y bien orientado de los diversos aspectos de esa rama en las disciplinas art\u00edsticas, ya que las artes de pueblo ser\u00edan puestas a salvo de las deformaciones, que se advert\u00edan en muchas de ellas, o de su destrucci\u00f3n. &nbsp;En 1954, el Instituto de Investigaciones Sociales dej\u00f3 de existir.<\/p>\n\n\n<div class=\"wp-block-image is-style-default\">\n<figure class=\"alignleft is-resized\"><img loading=\"lazy\" decoding=\"async\" width=\"535\" height=\"467\" src=\"http:\/\/c3.usac.edu.gt\/ceceg.usac.edu.gt\/public_html\/wp-content\/uploads\/2019\/03\/8888411_orig.jpg\" alt=\"\" class=\"wp-image-68\" style=\"width:380px\" srcset=\"https:\/\/ceceg.usac.edu.gt\/wp-content\/uploads\/2019\/03\/8888411_orig.jpg 535w, https:\/\/ceceg.usac.edu.gt\/wp-content\/uploads\/2019\/03\/8888411_orig-300x262.jpg 300w\" sizes=\"auto, (max-width: 535px) 100vw, 535px\" \/><\/figure>\n<\/div>\n\n\n<p class=\"has-text-align-left has-background\" style=\"background-color:#c2822921\"> En 1958 se reuni\u00f3 un grupo de intelectuales interesados en la cultura tradicional, entre ellos Carlos Navarrete, Carlos Caal Champney, Luis Luj\u00e1n Mu\u00f1oz, H\u00e9ctor S\u00e1nchez Latour y Roberto D\u00edaz Castillo. &nbsp;As\u00ed surgi\u00f3 la Asociaci\u00f3n de Amigos del Arte Popular, calcada en su hom\u00f3loga chilena, que cre\u00f3 Tom\u00e1s Lago. &nbsp;Sus miembros acordaron editar una publicaci\u00f3n peri\u00f3dica, que denominaron \u201cLa Tradici\u00f3n Popular\u201d, y cuyo sello editorial era la r\u00e9plica de un tecolote de cer\u00e1mica pintada de La Antigua Guatemala. <\/p>\n\n\n\n<p class=\"has-text-align-left has-background\" style=\"background-color:#c2822921\">               Esta asociaci\u00f3n dej\u00f3 de existir por inactividad en 1959.<\/p>\n\n\n\n<p class=\"has-text-align-left has-background\" style=\"background-color:#c2822921\">Siendo Rector de la Universidad de San Carlos el licenciado Edmundo V\u00e1squez Mart\u00ednez y a iniciativa de Ida Bremm\u00e9 de Santos, Luis Luj\u00e1n Mu\u00f1oz, Juan Jos\u00e9 Hurtado Vega, Amerigo Giracca y Roberto D\u00edaz Castillo, el Consejo Superior Universitario aprob\u00f3 el Acuerdo de Fundaci\u00f3n del Centro de Estudios Folkl\u00f3ricos el 8 de julio de 1967, seg\u00fan Acta N\u00famero 957. &nbsp;Su Reglamento fue aprobado por el Consejo Superior Universitario el 9 de septiembre de 1967, de conformidad con el punto octavo del Acta N\u00famero 961, escogi\u00e9ndose un sol an\u00e1logo al de los platos de loza may\u00f3lica de La Antigua Guatemala como emblema del Centro.<\/p>\n\n\n\n<p class=\"has-text-align-left has-background\" style=\"background-color:#c2822921\">Con base en los estatutos, el Centro cont\u00f3 con las siguientes publicaciones: Colecci\u00f3n Monograf\u00edas, Colecci\u00f3n Problemas y Documentos y la Revista Tradiciones de Guatemala, m\u00e1s adelante apareci\u00f3 el Bolet\u00edn La Tradici\u00f3n Popular.<\/p>\n\n\n\n<p class=\"has-text-align-left has-background\" style=\"background-color:#c2822921\">A propuesta del Centro de Estudios Folkl\u00f3ricos, la Facultad de Humanidades de la Universidad de San Carlos de Guatemala cre\u00f3 un curso denominado Introducci\u00f3n al estudio del folklore, que fue impartido tanto en esa unidad acad\u00e9mica como en la Escuela de Verano dependiente de aqu\u00e9lla. &nbsp;Adem\u00e1s, se impartieron cursillos de museograf\u00eda y se apoy\u00f3 el desarrollo de los museos en Guatemala, se efectu\u00f3 un diagn\u00f3stico de los mismos y se propuso la creaci\u00f3n de un Museo de la Cocina Guatemalteca y otro de Artes y Artesan\u00edas del Centro de Estudios Folkl\u00f3ricos.<\/p>\n\n\n\n<p class=\"has-text-align-left has-background\" style=\"background-color:#c2822921\">El 28 de noviembre de 1968, el Centro de Estudios Folkl\u00f3ricos inaugur\u00f3 el Museo de Artes y Artesan\u00edas Populares, que qued\u00f3 instalado en la cocina del antiguo Colegio Mayor de Santo Tom\u00e1s de Aquino, en La Antigua Guatemala, que fue destruido por el terremoto de 1976. &nbsp;Ese a\u00f1o, se public\u00f3 el n\u00famero 1 de la Revista Tradiciones de Guatemala. &nbsp;Adem\u00e1s, entre 1970 y 1973 se imparti\u00f3 una serie de conferencias sobre temas de folklore.<\/p>\n\n\n\n<p class=\"has-text-align-left has-background\" style=\"background-color:#c2822921\">El Centro fue reorganizado en noviembre de 1973. &nbsp;En 1974, para dar cumplimiento a las disposiciones que aprob\u00f3 el Consejo Superior Universitario, el Centro fue dotado de presupuesto y, el 4 de abril, asumi\u00f3 la Direcci\u00f3n Roberto D\u00edaz Castillo, a quien se nombr\u00f3 tambi\u00e9n investigador principal. &nbsp;A partir de 1975 el Centro empez\u00f3 a cumplir con rigurosidad un programa anual orientado fundamentalmente a la investigaci\u00f3n y difusi\u00f3n de la cultura tradicional de Guatemala, cuando se incorporaron como investigadores Luis Luj\u00e1n Mu\u00f1oz y Celso Arnoldo Lara Figuera, estableci\u00e9ndose las primeras \u00e1reas de investigaci\u00f3n, que fueron las de Artes y Artesan\u00edas Populares, atendida por el licenciado Roberto D\u00edaz Castillo, director del Centro en esa \u00e9poca, y la de Literatura Popular Tradicional, que fue creada en el seno del Centro en 1975 tras el retorno del licenciado Celso A. Lara Figueroa de sus estudios de postgrado en folklore, antropolog\u00eda y m\u00fasica en la Universidad Central de Venezuela.<\/p>\n\n\n\n<p class=\"has-text-align-left has-background\" style=\"background-color:#c2822921\">El \u00e1rea de Cultura Popular Tradicional y Cultura Popular Guatemalteca Aplicada a la Educaci\u00f3n fue creada en 1976 con el prop\u00f3sito de que el Centro proyectara su trabajo en el campo pedag\u00f3gico. &nbsp;En 1977 naci\u00f3 el \u00e1rea de Etnomusicolog\u00eda, gracias a la gesti\u00f3n de su director en esa \u00e9poca, quien logr\u00f3 que el Consejo Superior Universitario aprobara un programa dedicado al conocimiento de la m\u00fasica de tradici\u00f3n oral en Guatemala. &nbsp;A pesar de que en sus inicios el programa ten\u00eda un car\u00e1cter temporal, pronto pas\u00f3 a ser una actividad permanente y, desde entonces, se ha dedicado a la recopilaci\u00f3n in situ del fen\u00f3meno oral en el pa\u00eds.<\/p>\n\n\n\n<p class=\"has-text-align-left has-background\" style=\"background-color:#c2822921\">El \u00c1rea de Etnomusicolog\u00eda se fund\u00f3 en 1977 a cargo de Manuel Ju\u00e1rez Toledo, especializado en esa disciplina. &nbsp;Como era injustificable la falta de investigaciones en este campo, el Centro de Estudios Folkl\u00f3ricos acudi\u00f3 al Consejo Superior Universitario y consigui\u00f3 de este alto organismo universitario la aprobaci\u00f3n de un programa dedicado al conocimiento de la m\u00fasica tradicional guatemalteca. &nbsp;Este programa tuvo, en principio, car\u00e1cter temporal y, despu\u00e9s, se convirti\u00f3 en permanente. &nbsp;Ejerci\u00f3 su direcci\u00f3n el profesor Toledo hasta su muerte, acaecida en 1980. Despu\u00e9s, a solicitud del licenciado Celso Lara Figueroa, ocup\u00f3 la coordinaci\u00f3n del \u00e1rea el licenciado Alfonso Arrivillaga Cort\u00e9s, quien lo coordina hasta el presente, con la asistencia del investigador Dr. Matthias Walter M. St\u00f6ckli Rubli.<\/p>\n\n\n\n<p class=\"has-text-align-left has-background\" style=\"background-color:#c2822921\">En 1981 se cre\u00f3 el \u00e1rea de Medicina Popular Tradicional, que estuvo a cargo de la licenciada Elba Marina Villatoro, por iniciativa del licenciado Celso Lara Figueroa, que fung\u00eda como Director en ese tiempo, con el fin de dar a conocer al sector involucrado en los servicios de salud los aspectos relevantes de la cultura m\u00e9dica popular de los diferentes pueblos que habitan Guatemala. &nbsp;En el a\u00f1o 2002 dicha \u00e1rea dej\u00f3 de funcionar, al asumir el Ministerio de Salud P\u00fablica y Asistencia Social esas funciones en sus programas de salud.<\/p>\n\n\n\n<p class=\"has-text-align-left has-background\" style=\"background-color:#c2822921\">El \u00e1rea de Musicolog\u00eda surgi\u00f3 en 1983, como una secci\u00f3n del \u00e1rea de Etnomusicolog\u00eda, para estudiar, analizar, recopilar, preservar y difundir la m\u00fasica erudita y popular guatemalteca. &nbsp;En el a\u00f1o 2001, como producto del taller para elaborar el \u201cPlan de Fortalecimiento y Desarrollo del Centro de Estudios Folkl\u00f3ricos\u201d pas\u00f3 a constituirse en un \u00e1rea m\u00e1s del Centro.<\/p>\n\n\n\n<p class=\"has-text-align-left has-background\" style=\"background-color:#c2822921\">En 1985 se cre\u00f3 el \u00e1rea de Coreolog\u00eda Popular y Tradicional, bajo la Direcci\u00f3n del licenciado Celso Lara, quedando como investigador Carlos Garc\u00eda Escobar. &nbsp;En noviembre de ese a\u00f1o, Garc\u00eda asumi\u00f3 como encargado de dicha \u00e1rea.<\/p>\n\n\n\n<p class=\"has-text-align-left has-background\" style=\"background-color:#c2822921\">En 2001, como parte del Plan de Innovaci\u00f3n del Proyecto de Fortalecimiento del Sistema de Investigaci\u00f3n de la Universidad de San Carlos, se efectu\u00f3 un taller para crear el \u201cPlan de Fortalecimiento y Desarrollo del Centro de Estudios Folkl\u00f3ricos\u201d y, como producto de necesidades de investigaci\u00f3n surgidas de ese taller, se crearon; seg\u00fan Acuerdo de Direcci\u00f3n del CEFOL, con fecha de 25 de enero de 2002, refrendado por Acuerdo de la Direcci\u00f3n General de Investigaci\u00f3n, el 10 de febrero de 2002; las \u00e1reas de Religiosidad Tradicional y Popular y la de Etnograf\u00eda Hist\u00f3rica.<\/p>\n\n\n\n<p class=\"has-text-align-left has-background\" style=\"background-color:#c2822921\">Actualmente, el Centro cuenta con las \u00e1reas de investigaci\u00f3n: Artes y Artesan\u00edas Populares, Oralidad y Literatura Tradicional, Cultura Popular Tradicional y Cultura Popular Guatemalteca Aplicada a la Educaci\u00f3n, Etnomusicolog\u00eda, Musicolog\u00eda, Coreolog\u00eda Tradicional y Popular, Etnograf\u00eda Hist\u00f3rica y Religiosidad Tradicional y Popular. &nbsp;Como apoyo a la investigaci\u00f3n, el Centro cuenta con un centro de documentaci\u00f3n donde se archivan todos los trabajos de investigaci\u00f3n y se cuenta con colecciones de libros especializados para consulta de investigadores y p\u00fablico que lo solicite.<\/p>\n\n\n\n<p class=\"has-text-align-left has-background\" style=\"background-color:#c2822921\">La Secci\u00f3n de Medios Audiovisuales cuenta con una colecci\u00f3n de fotograf\u00edas y diapositivas de artesan\u00edas, bailes y dem\u00e1s hechos folkl\u00f3ricos captados desde la fundaci\u00f3n del Centro, as\u00ed como colecciones del siglo XIX y principios del siglo XX. &nbsp;Tambi\u00e9n cuenta con equipo para proyecci\u00f3n de diapositivas, tanto anal\u00f3gicas como digitales, un laboratorio para fotograf\u00eda en blanco y negro, c\u00e1maras, grabadoras y otro equipo para efectuar trabajos de investigaci\u00f3n.<\/p>\n\n\n\n<p class=\"has-text-align-left has-background\" style=\"background-color:#c2822921\">El \u00e1rea de Oralidad y Literatura Tradicional cuenta con colecciones grabadas de cuentos, leyendas, dichos y otros fen\u00f3menos de la cultura tradicional guatemalteca. &nbsp;Las \u00e1reas de Etnomusicolog\u00eda y Musicolog\u00eda cuentan con colecciones de grabaciones de m\u00fasica y partituras guatemaltecas de los siglos XVIII y XIX, as\u00ed como de m\u00fasica tradicional popular de las diferentes regiones socio folkl\u00f3ricas de Guatemala. &nbsp;Tambi\u00e9n poseen instrumentos musicales tradicionales y estudio de grabaci\u00f3n y laboratorio para grabar y analizar las composiciones musicales y programas de c\u00f3mputo especializados para la composici\u00f3n y an\u00e1lisis de la m\u00fasica.<\/p>\n\n\n\n<p class=\"has-text-align-left has-background\" style=\"background-color:#c2822921\">El Centro cuenta tambi\u00e9n con colecciones de m\u00e1scaras y piezas artesanales de la cultura popular tradicional guatemalteca, las que sirven para exposiciones. Actualmente, se atiende a grupos de estudiantes de todos los niveles, profesionales nacionales y extranjeros que solicitan asesor\u00eda sobre la cultura tradicional guatemalteca y se imparten conferencias en las unidades acad\u00e9micas de la USAC, universidades, colegios, escuelas e institutos de segunda ense\u00f1anza que lo solicitan.<\/p>\n\n\n\n<p class=\"has-text-align-left has-background\" style=\"background-color:#c2822921\">Actualmente el Centro de Estudios Folkl\u00f3ricos de la USAC divulga sus investigaciones y las de investigadores invitados de alta calificaci\u00f3n acad\u00e9mica en las publicaciones peri\u00f3dicas: la Revista Tradiciones de Guatemala y el Bolet\u00edn La Tradici\u00f3n Popular, adem\u00e1s, el Centro cuenta con las series de publicaciones extraordinarias: Problemas y Documentos, Colecci\u00f3n Breve y Monograf\u00edas. &nbsp;Tambi\u00e9n se realizan publicaciones no peri\u00f3dicas con centros de la Universidad y otras instituciones.\n\n<\/p>\n\n\n\n<p><\/p>\n","protected":false},"excerpt":{"rendered":"<p>El Centro de Estudios de las Culturas en Guatemala de la Universidad de San Carlos de Guatemala \u2013CECEG \u2013cuya nueva denominaci\u00f3n se aprob\u00f3 por el Honorable Consejo Superior Universitario en el \u201cpunto SEGUNDO, Inciso 2.1 Subinciso 2.1.1 del Acta No. 18-2019 de sesi\u00f3n ordinaria celebrada el d\u00eda 24 de julio de 2019\u201d, tiene sus ra\u00edces [&hellip;]<\/p>\n","protected":false},"author":1,"featured_media":0,"parent":0,"menu_order":0,"comment_status":"closed","ping_status":"closed","template":"","meta":{"footnotes":""},"class_list":["post-33","page","type-page","status-publish","czr-hentry"],"_links":{"self":[{"href":"https:\/\/ceceg.usac.edu.gt\/index.php\/wp-json\/wp\/v2\/pages\/33","targetHints":{"allow":["GET"]}}],"collection":[{"href":"https:\/\/ceceg.usac.edu.gt\/index.php\/wp-json\/wp\/v2\/pages"}],"about":[{"href":"https:\/\/ceceg.usac.edu.gt\/index.php\/wp-json\/wp\/v2\/types\/page"}],"author":[{"embeddable":true,"href":"https:\/\/ceceg.usac.edu.gt\/index.php\/wp-json\/wp\/v2\/users\/1"}],"replies":[{"embeddable":true,"href":"https:\/\/ceceg.usac.edu.gt\/index.php\/wp-json\/wp\/v2\/comments?post=33"}],"version-history":[{"count":15,"href":"https:\/\/ceceg.usac.edu.gt\/index.php\/wp-json\/wp\/v2\/pages\/33\/revisions"}],"predecessor-version":[{"id":7189,"href":"https:\/\/ceceg.usac.edu.gt\/index.php\/wp-json\/wp\/v2\/pages\/33\/revisions\/7189"}],"wp:attachment":[{"href":"https:\/\/ceceg.usac.edu.gt\/index.php\/wp-json\/wp\/v2\/media?parent=33"}],"curies":[{"name":"wp","href":"https:\/\/api.w.org\/{rel}","templated":true}]}}