{"id":26,"date":"2019-03-26T16:55:13","date_gmt":"2019-03-26T16:55:13","guid":{"rendered":"http:\/\/c3.usac.edu.gt\/cefol.usac.edu.gt\/public_html2\/?page_id=26"},"modified":"2025-10-01T17:28:52","modified_gmt":"2025-10-01T17:28:52","slug":"biblioteca","status":"publish","type":"page","link":"https:\/\/ceceg.usac.edu.gt\/index.php\/biblioteca\/","title":{"rendered":"Biblioteca"},"content":{"rendered":"\n<figure class=\"wp-block-image size-full is-resized is-style-default\"><img loading=\"lazy\" decoding=\"async\" width=\"1536\" height=\"1024\" src=\"https:\/\/ceceg.usac.edu.gt\/wp-content\/uploads\/2025\/09\/1000055970.png\" alt=\"\" class=\"wp-image-7005\" style=\"width:740px\" srcset=\"https:\/\/ceceg.usac.edu.gt\/wp-content\/uploads\/2025\/09\/1000055970.png 1536w, https:\/\/ceceg.usac.edu.gt\/wp-content\/uploads\/2025\/09\/1000055970-300x200.png 300w, https:\/\/ceceg.usac.edu.gt\/wp-content\/uploads\/2025\/09\/1000055970-1024x683.png 1024w, https:\/\/ceceg.usac.edu.gt\/wp-content\/uploads\/2025\/09\/1000055970-768x512.png 768w\" sizes=\"auto, (max-width: 1536px) 100vw, 1536px\" \/><\/figure>\n\n\n\n<h2 class=\"wp-block-heading has-background\" style=\"background-color:#fbe1be\"><strong>Centro de Documentaci\u00f3n<\/strong><\/h2>\n\n\n\n<p class=\"has-background\" style=\"background-color:#fef5de\">Las gestiones para la implementaci\u00f3n de un Centro de Documentaci\u00f3n, dieron inicio el 2 de abril de 2001. \u00a0 Se recopilo el material especializado que usaban los investigadores, se dio inicio al canje institucional para acrecentar el acervo bibliogr\u00e1fico y se organiz\u00f3 de manera inicial la colecci\u00f3n de libros y la base de datos; \u00a0se aloj\u00f3 a la biblioteca en un espacio reducido, careciendo de sala de lectura, se utiliz\u00f3 la sala de conferencias para uso de los usuarios.<br>Debido al espacio reducido, la colecci\u00f3n no creci\u00f3 adecuadamente, pero en marzo y abril 2014 se realizaron los traslados necesarios para que la biblioteca ocupe un lugar adecuado. \u00a0Se han implementado las gestiones necesarias para dar inicio a la clasificaci\u00f3n y catalogaci\u00f3n del acervo bibliogr\u00e1fico, bajo las normas internacionales, utilizando el programa integral de administraci\u00f3n para bibliotecas GLIFOS, ya que la USAC posee las licencias necesarias, se adquiri\u00f3 \u00a0la Clasificaci\u00f3n Decimal Dewey Abreviada, los insumos y programas espec\u00edficos para realizar todo el proceso t\u00e9cnico del libro, con el prop\u00f3sito de facilitar el acceso a la informaci\u00f3n y la atenci\u00f3n a los usuarios.\u00a0<br><br>As\u00ed mismo se obtuvo la valiosa colaboraci\u00f3n de un practicante de la Escuela de Bibliotecolog\u00eda y se instalaron \u00a0de manera adecuada el acervo bibliogr\u00e1fico \u00a0y la sala de lectura en un mejor lugar, accesible al p\u00fablico y con las condiciones necesarias para el crecimiento de las colecciones, lo cual ya se est\u00e1 logrando con unas donaciones de los libros de la Editorial Universitaria, de la DDA, DIGI \u00a0y compras de t\u00edtulos con tem\u00e1ticas afines necesarios para enriquecer, mejorar y engrandecer nuestro servicio al usuario, contribuyendo de esta manera al resguardo y difusi\u00f3n de la cultura popular tradicional guatemalteca.<\/p>\n\n\n\n<hr class=\"wp-block-separator has-css-opacity\"\/>\n\n\n\n<h3 class=\"wp-block-heading has-background\" style=\"background-color:#f6e9d9\"><strong>Publicaciones de CECEG:<\/strong><br><\/h3>\n\n\n\n<ul style=\"background-color:#f6e9d9\" class=\"wp-block-list has-background\">\n<li><strong>Boletines La Tradici\u00f3n Popular, ultimo n\u00famero publicado 242 a\u00f1o 2019.<\/strong><\/li>\n\n\n\n<li><strong>Revistas Tradiciones de Guatemala, ultimo n\u00famero publicado 94 a\u00f1o 2019.<\/strong><\/li>\n\n\n\n<li><strong>Libros Colecci\u00f3n Breve, ultimo n\u00famero publicado 28 a\u00f1o 2019<\/strong><\/li>\n<\/ul>\n\n\n\n<p class=\"has-background\" style=\"background-color:#f6e9d9\">Todas estas publicaciones est\u00e1n al servicio del p\u00fablico en general en nuestro Centro de Documentaci\u00f3n, tambi\u00e9n pueden encontrar diversas publicaciones sobre historia, microhistoria, danzas, etnicidad, y otros. Entre las labores de promoci\u00f3n de la cultura, los investigadores del CECEG, realizan durante el a\u00f1o, distintas conferencias, de tem\u00e1ticas afines a las l\u00edneas de investigaci\u00f3n.<br>Actualmente en la pagina Web del Centro, esta incluido la versi\u00f3n digital de todas las publicaciones.<br>Para acceder a estas publicaciones tenemos pr\u00e9stamo en sala para lo cual se necesita traer un documento de identificaci\u00f3n para consultar el libro requerido, se permite sacar fotograf\u00edas por medio de c\u00e1maras y celulares digitales. <\/p>\n","protected":false},"excerpt":{"rendered":"<p>Centro de Documentaci\u00f3n Las gestiones para la implementaci\u00f3n de un Centro de Documentaci\u00f3n, dieron inicio el 2 de abril de 2001. \u00a0 Se recopilo el material especializado que usaban los investigadores, se dio inicio al canje institucional para acrecentar el acervo bibliogr\u00e1fico y se organiz\u00f3 de manera inicial la colecci\u00f3n de libros y la base [&hellip;]<\/p>\n","protected":false},"author":1,"featured_media":546,"parent":0,"menu_order":0,"comment_status":"closed","ping_status":"closed","template":"","meta":{"footnotes":""},"class_list":["post-26","page","type-page","status-publish","has-post-thumbnail","czr-hentry"],"_links":{"self":[{"href":"https:\/\/ceceg.usac.edu.gt\/index.php\/wp-json\/wp\/v2\/pages\/26","targetHints":{"allow":["GET"]}}],"collection":[{"href":"https:\/\/ceceg.usac.edu.gt\/index.php\/wp-json\/wp\/v2\/pages"}],"about":[{"href":"https:\/\/ceceg.usac.edu.gt\/index.php\/wp-json\/wp\/v2\/types\/page"}],"author":[{"embeddable":true,"href":"https:\/\/ceceg.usac.edu.gt\/index.php\/wp-json\/wp\/v2\/users\/1"}],"replies":[{"embeddable":true,"href":"https:\/\/ceceg.usac.edu.gt\/index.php\/wp-json\/wp\/v2\/comments?post=26"}],"version-history":[{"count":14,"href":"https:\/\/ceceg.usac.edu.gt\/index.php\/wp-json\/wp\/v2\/pages\/26\/revisions"}],"predecessor-version":[{"id":7264,"href":"https:\/\/ceceg.usac.edu.gt\/index.php\/wp-json\/wp\/v2\/pages\/26\/revisions\/7264"}],"wp:featuredmedia":[{"embeddable":true,"href":"https:\/\/ceceg.usac.edu.gt\/index.php\/wp-json\/wp\/v2\/media\/546"}],"wp:attachment":[{"href":"https:\/\/ceceg.usac.edu.gt\/index.php\/wp-json\/wp\/v2\/media?parent=26"}],"curies":[{"name":"wp","href":"https:\/\/api.w.org\/{rel}","templated":true}]}}