{"id":24,"date":"2019-03-26T16:54:52","date_gmt":"2019-03-26T16:54:52","guid":{"rendered":"http:\/\/c3.usac.edu.gt\/cefol.usac.edu.gt\/public_html2\/?page_id=24"},"modified":"2024-09-24T18:26:41","modified_gmt":"2024-09-24T18:26:41","slug":"contactenos","status":"publish","type":"page","link":"https:\/\/ceceg.usac.edu.gt\/index.php\/contactenos\/","title":{"rendered":"Cont\u00e1ctenos"},"content":{"rendered":"\n<p class=\"has-text-color has-background\" style=\"color:#ffffff;background-color:#ff9406\"><strong>Horarios de Atenci\u00f3n<\/strong><\/p>\n\n\n\n<p><strong><em>El horario de atenci\u00f3n al p\u00fablico:<\/em><\/strong> &nbsp;Lunes a Viernes de 07:30 a 15:30 horas.<br><\/p>\n\n\n\n<p class=\"has-text-color has-background\" style=\"color:#ffffff;background-color:#ff9406\"><strong>Ubicaci\u00f3n<\/strong><\/p>\n\n\n\n<p>Avenida La Reforma 0-09 zona 10, en la manzana del Jard\u00edn Bot\u00e1nico, frente a la rotonda.<br><\/p>\n\n\n\n<div class=\"wp-block-cover is-light\" style=\"min-height:50px;aspect-ratio:unset;\"><span aria-hidden=\"true\" class=\"wp-block-cover__background has-background-dim-100 has-background-dim\" style=\"background-color:#f49c18\"><\/span><div class=\"wp-block-cover__inner-container is-layout-flow wp-block-cover-is-layout-flow\">\n<p class=\"has-text-align-left has-medium-font-size\">Temas Relacionados<\/p>\n<\/div><\/div>\n\n\n\n<p><a href=\"http:\/\/www.idei.usac.edu.gt\">http:\/\/www.idei.usac.edu.gt<\/a><\/p>\n\n\n\n<p><a href=\"http:\/\/digi.usac.edu.gt\">http:\/\/digi.usac.edu.gt<\/a><\/p>\n\n\n\n<p><\/p>\n","protected":false},"excerpt":{"rendered":"<p>Horarios de Atenci\u00f3n El horario de atenci\u00f3n al p\u00fablico: &nbsp;Lunes a Viernes de 07:30 a 15:30 horas. Ubicaci\u00f3n Avenida La Reforma 0-09 zona 10, en la manzana del Jard\u00edn Bot\u00e1nico, frente a la rotonda. http:\/\/www.idei.usac.edu.gt http:\/\/digi.usac.edu.gt<\/p>\n","protected":false},"author":1,"featured_media":0,"parent":0,"menu_order":0,"comment_status":"closed","ping_status":"closed","template":"","meta":{"footnotes":""},"class_list":["post-24","page","type-page","status-publish","czr-hentry"],"_links":{"self":[{"href":"https:\/\/ceceg.usac.edu.gt\/index.php\/wp-json\/wp\/v2\/pages\/24","targetHints":{"allow":["GET"]}}],"collection":[{"href":"https:\/\/ceceg.usac.edu.gt\/index.php\/wp-json\/wp\/v2\/pages"}],"about":[{"href":"https:\/\/ceceg.usac.edu.gt\/index.php\/wp-json\/wp\/v2\/types\/page"}],"author":[{"embeddable":true,"href":"https:\/\/ceceg.usac.edu.gt\/index.php\/wp-json\/wp\/v2\/users\/1"}],"replies":[{"embeddable":true,"href":"https:\/\/ceceg.usac.edu.gt\/index.php\/wp-json\/wp\/v2\/comments?post=24"}],"version-history":[{"count":5,"href":"https:\/\/ceceg.usac.edu.gt\/index.php\/wp-json\/wp\/v2\/pages\/24\/revisions"}],"predecessor-version":[{"id":4508,"href":"https:\/\/ceceg.usac.edu.gt\/index.php\/wp-json\/wp\/v2\/pages\/24\/revisions\/4508"}],"wp:attachment":[{"href":"https:\/\/ceceg.usac.edu.gt\/index.php\/wp-json\/wp\/v2\/media?parent=24"}],"curies":[{"name":"wp","href":"https:\/\/api.w.org\/{rel}","templated":true}]}}