{"id":236,"date":"2019-04-02T19:36:49","date_gmt":"2019-04-02T19:36:49","guid":{"rendered":"http:\/\/c3.usac.edu.gt\/cefol.usac.edu.gt\/public_html2\/?page_id=236"},"modified":"2025-10-01T16:06:19","modified_gmt":"2025-10-01T16:06:19","slug":"oralidad-y-literatura-tradicional-2","status":"publish","type":"page","link":"https:\/\/ceceg.usac.edu.gt\/index.php\/oralidad-y-literatura-tradicional-2\/","title":{"rendered":"Oralidad y Literatura tradicional"},"content":{"rendered":"\n<figure class=\"wp-block-image size-large\"><img loading=\"lazy\" decoding=\"async\" width=\"1024\" height=\"293\" src=\"https:\/\/ceceg.usac.edu.gt\/wp-content\/uploads\/2025\/09\/Area_Oralidad-y-Literatura-Tradicional-1024x293.jpg\" alt=\"\" class=\"wp-image-6968\" srcset=\"https:\/\/ceceg.usac.edu.gt\/wp-content\/uploads\/2025\/09\/Area_Oralidad-y-Literatura-Tradicional-1024x293.jpg 1024w, https:\/\/ceceg.usac.edu.gt\/wp-content\/uploads\/2025\/09\/Area_Oralidad-y-Literatura-Tradicional-300x86.jpg 300w, https:\/\/ceceg.usac.edu.gt\/wp-content\/uploads\/2025\/09\/Area_Oralidad-y-Literatura-Tradicional-768x219.jpg 768w, https:\/\/ceceg.usac.edu.gt\/wp-content\/uploads\/2025\/09\/Area_Oralidad-y-Literatura-Tradicional.jpg 1400w\" sizes=\"auto, (max-width: 1024px) 100vw, 1024px\" \/><\/figure>\n\n\n\n<hr class=\"wp-block-separator has-css-opacity\"\/>\n\n\n\n<p><strong>Descripci\u00f3n<\/strong>:<\/p>\n\n\n<div class=\"wp-block-image is-resized is-style-rounded\">\n<figure class=\"alignleft\"><img loading=\"lazy\" decoding=\"async\" width=\"1024\" height=\"1024\" src=\"http:\/\/c3.usac.edu.gt\/cefol.usac.edu.gt\/public_html2\/wp-content\/uploads\/2019\/04\/dibujos-de-areas-08-1024x1024.jpg\" alt=\"\" class=\"wp-image-319\" style=\"width:220px\" srcset=\"https:\/\/ceceg.usac.edu.gt\/wp-content\/uploads\/2019\/04\/dibujos-de-areas-08-1024x1024.jpg 1024w, https:\/\/ceceg.usac.edu.gt\/wp-content\/uploads\/2019\/04\/dibujos-de-areas-08-300x300.jpg 300w, https:\/\/ceceg.usac.edu.gt\/wp-content\/uploads\/2019\/04\/dibujos-de-areas-08-150x150.jpg 150w, https:\/\/ceceg.usac.edu.gt\/wp-content\/uploads\/2019\/04\/dibujos-de-areas-08-768x768.jpg 768w, https:\/\/ceceg.usac.edu.gt\/wp-content\/uploads\/2019\/04\/dibujos-de-areas-08-100x100.jpg 100w, https:\/\/ceceg.usac.edu.gt\/wp-content\/uploads\/2019\/04\/dibujos-de-areas-08.jpg 1200w\" sizes=\"auto, (max-width: 1024px) 100vw, 1024px\" \/><\/figure>\n<\/div>\n\n\n<p class=\"has-background\" style=\"background-color:#0792e31a\"><strong>La literatura popular y tradicional dio sus primeros aportes en la recopilaci\u00f3n y an\u00e1lisis de leyendas contadas por portadores de la sabidur\u00eda popular, concentrando dichas acciones en el centro hist\u00f3rico de la Nueva Guatemala de la Asunci\u00f3n y en la Antigua Guatemala. Las l\u00edneas de investigaci\u00f3n del \u00e1rea tambi\u00e9n han abarcado el an\u00e1lisis de la literatura popular en verso y prosa del oriente del pa\u00eds. El Centro de Estudios Folkl\u00f3ricos a trav\u00e9s de dicha \u00e1rea de investigaci\u00f3n a lo largo de su historia ha tratado de abarcar las expresiones literarias populares de todas las regiones del pa\u00eds.<\/strong><br><br><\/p>\n\n\n\n<p class=\"has-background\" style=\"background-color:#0792e31a\"><strong>El estudio de la literatura tradicional y popular guatemalteca, no solo abarca las leyendas, sino tambi\u00e9n ha explorado otras ramas literarias como la poes\u00eda tradicional, &nbsp;las narrativas religiosas y sobre todo, ha puesto en valor a los diferentes portadores de la sabidur\u00eda popular, quienes han brindado sus aportes para enriquecer el \u00e1rea con sus diferentes testimonios, an\u00e9cdotas e historias de vida. Es por ello que en el a\u00f1o 2001 cambia el \u00e1rea a Oralidad y Literatura Tradicional. Esto con el fin primordial&nbsp; de darle relevancia a la oralidad para comprender un entorno social&nbsp; y las idiosincrasias.<\/strong><\/p>\n\n\n\n<p class=\"has-background\" style=\"background-color:#0792e31a\"><strong>A lo largo de 50 a\u00f1os de investigaciones sobre oralidad y literatura tradicional, el Centro ha realizado un aporte al conocimiento de la cultura guatemalteca, puesto que ha tratado de preservar los saberes tradicionales y populares de diversas comunidades guatemaltecas,&nbsp; aunque hace falta un trecho que recorrer para completar dichos estudios a nivel nacional.&nbsp; Adem\u00e1s, las nuevas orientaciones de investigaci\u00f3n, exigen la participaci\u00f3n de otras disciplinas para lograr una mejor comprensi\u00f3n de los fen\u00f3menos culturales, entre los que se destaca ampliamente la literatura oral.&nbsp; Por ello, a lo largo de medio siglo, se ha transformado, pasando de una recopilaci\u00f3n de leyendas capitalinas a otras expresiones de literatura, como los refranes, cuentos, cancioneros, loas y, en los tiempos m\u00e1s recientes, se ha girado la vista a estudios literarios que permiten comprender las creaciones desde su propio contexto social e hist\u00f3rico.<\/strong> <\/p>\n\n\n\n<hr class=\"wp-block-separator has-css-opacity\"\/>\n\n\n\n<p><\/p>\n","protected":false},"excerpt":{"rendered":"<p>Descripci\u00f3n: La literatura popular y tradicional dio sus primeros aportes en la recopilaci\u00f3n y an\u00e1lisis de leyendas contadas por portadores de la sabidur\u00eda popular, concentrando dichas acciones en el centro hist\u00f3rico de la Nueva Guatemala de la Asunci\u00f3n y en la Antigua Guatemala. Las l\u00edneas de investigaci\u00f3n del \u00e1rea tambi\u00e9n han abarcado el an\u00e1lisis de [&hellip;]<\/p>\n","protected":false},"author":1,"featured_media":0,"parent":0,"menu_order":0,"comment_status":"closed","ping_status":"closed","template":"","meta":{"footnotes":""},"class_list":["post-236","page","type-page","status-publish","czr-hentry"],"_links":{"self":[{"href":"https:\/\/ceceg.usac.edu.gt\/index.php\/wp-json\/wp\/v2\/pages\/236","targetHints":{"allow":["GET"]}}],"collection":[{"href":"https:\/\/ceceg.usac.edu.gt\/index.php\/wp-json\/wp\/v2\/pages"}],"about":[{"href":"https:\/\/ceceg.usac.edu.gt\/index.php\/wp-json\/wp\/v2\/types\/page"}],"author":[{"embeddable":true,"href":"https:\/\/ceceg.usac.edu.gt\/index.php\/wp-json\/wp\/v2\/users\/1"}],"replies":[{"embeddable":true,"href":"https:\/\/ceceg.usac.edu.gt\/index.php\/wp-json\/wp\/v2\/comments?post=236"}],"version-history":[{"count":10,"href":"https:\/\/ceceg.usac.edu.gt\/index.php\/wp-json\/wp\/v2\/pages\/236\/revisions"}],"predecessor-version":[{"id":7220,"href":"https:\/\/ceceg.usac.edu.gt\/index.php\/wp-json\/wp\/v2\/pages\/236\/revisions\/7220"}],"wp:attachment":[{"href":"https:\/\/ceceg.usac.edu.gt\/index.php\/wp-json\/wp\/v2\/media?parent=236"}],"curies":[{"name":"wp","href":"https:\/\/api.w.org\/{rel}","templated":true}]}}