{"id":232,"date":"2019-04-02T19:36:02","date_gmt":"2019-04-02T19:36:02","guid":{"rendered":"http:\/\/c3.usac.edu.gt\/cefol.usac.edu.gt\/public_html2\/?page_id=232"},"modified":"2025-10-13T13:37:37","modified_gmt":"2025-10-13T13:37:37","slug":"microhistoria","status":"publish","type":"page","link":"https:\/\/ceceg.usac.edu.gt\/index.php\/microhistoria\/","title":{"rendered":"Microhistoria"},"content":{"rendered":"\n<figure class=\"wp-block-image size-large\"><img loading=\"lazy\" decoding=\"async\" width=\"1024\" height=\"293\" src=\"https:\/\/ceceg.usac.edu.gt\/wp-content\/uploads\/2025\/09\/Area_Microhistoria-1024x293.jpg\" alt=\"\" class=\"wp-image-6966\" srcset=\"https:\/\/ceceg.usac.edu.gt\/wp-content\/uploads\/2025\/09\/Area_Microhistoria-1024x293.jpg 1024w, https:\/\/ceceg.usac.edu.gt\/wp-content\/uploads\/2025\/09\/Area_Microhistoria-300x86.jpg 300w, https:\/\/ceceg.usac.edu.gt\/wp-content\/uploads\/2025\/09\/Area_Microhistoria-768x219.jpg 768w, https:\/\/ceceg.usac.edu.gt\/wp-content\/uploads\/2025\/09\/Area_Microhistoria.jpg 1400w\" sizes=\"auto, (max-width: 1024px) 100vw, 1024px\" \/><\/figure>\n\n\n\n<hr class=\"wp-block-separator has-css-opacity\"\/>\n\n\n\n<p><strong>Descripci\u00f3n:<\/strong><\/p>\n\n\n<div class=\"wp-block-image is-resized is-style-rounded\">\n<figure class=\"alignleft\"><img loading=\"lazy\" decoding=\"async\" width=\"1024\" height=\"1024\" src=\"http:\/\/c3.usac.edu.gt\/cefol.usac.edu.gt\/public_html2\/wp-content\/uploads\/2019\/04\/dibujos-de-areas-03-1024x1024.jpg\" alt=\"\" class=\"wp-image-317\" style=\"width:220px\" srcset=\"https:\/\/ceceg.usac.edu.gt\/wp-content\/uploads\/2019\/04\/dibujos-de-areas-03-1024x1024.jpg 1024w, https:\/\/ceceg.usac.edu.gt\/wp-content\/uploads\/2019\/04\/dibujos-de-areas-03-300x300.jpg 300w, https:\/\/ceceg.usac.edu.gt\/wp-content\/uploads\/2019\/04\/dibujos-de-areas-03-150x150.jpg 150w, https:\/\/ceceg.usac.edu.gt\/wp-content\/uploads\/2019\/04\/dibujos-de-areas-03-768x768.jpg 768w, https:\/\/ceceg.usac.edu.gt\/wp-content\/uploads\/2019\/04\/dibujos-de-areas-03-100x100.jpg 100w, https:\/\/ceceg.usac.edu.gt\/wp-content\/uploads\/2019\/04\/dibujos-de-areas-03.jpg 1200w\" sizes=\"auto, (max-width: 1024px) 100vw, 1024px\" \/><\/figure>\n<\/div>\n\n\n<p class=\"has-background\" style=\"background-color:#b870183b\"><strong>La microhistoria propone la reducci\u00f3n de la escala de observaci\u00f3n en la investigaci\u00f3n cualitativa, es decir, pasar de lo macro o grupo social a lo micro o sujeto social en su contexto inmediato. Lo m\u00e1s importante en los estudios indicados, es que se toman en cuenta los grupos subalternos y las relaciones de los individuos en la sociedad (macro), en la que est\u00e1n inmersos. En el caso del Centro de Estudios Folkl\u00f3ricos, las investigaciones han sido enfocadas a nivel regional o local, tales como, historia colonial y contempor\u00e1nea de diferentes municipios. Tambi\u00e9n, se han investigado temas como: epidemias, pestes y otros fen\u00f3menos acaecidos en el per\u00edodo colonial, el que cabe mencionar, ha sido poco estudiado a profundidad.<\/strong><\/p>\n\n\n\n<p class=\"has-background\" style=\"background-color:#b870183b\"><strong>Es de hacer notar, que estos temas no han sido tratados en las historias oficiales y en este sentido, el \u00e1rea de &nbsp;microhistoria contribuye a &nbsp;llenar un vac\u00edo en las historias locales. Las publicaciones realizadas por el Centro, que toman como eje &nbsp;la microhistoria de localidades espec\u00edficas, no solo han ayudado para que los pobladores conozcan su pasado, sino &nbsp;tambi\u00e9n han fortalecido las identidades de diferentes regiones. <\/strong><\/p>\n\n\n\n<hr class=\"wp-block-separator has-css-opacity\"\/>\n\n\n\n<div data-wp-interactive=\"core\/file\" class=\"wp-block-file\"><object data-wp-bind--hidden=\"!state.hasPdfPreview\" hidden class=\"wp-block-file__embed\" data=\"https:\/\/ceceg.usac.edu.gt\/wp-content\/uploads\/2025\/10\/Los-Esclavos-afrodescendientes-en-Guatemala-CECEG-.pdf\" type=\"application\/pdf\" style=\"width:100%;height:600px\" aria-label=\"Incrustado de Los Esclavos afrodescendientes en Guatemala - CECEG-.\"><\/object><a id=\"wp-block-file--media-fb7f88dd-f566-4218-8004-91393c24f715\" href=\"https:\/\/ceceg.usac.edu.gt\/wp-content\/uploads\/2025\/10\/Los-Esclavos-afrodescendientes-en-Guatemala-CECEG-.pdf\">Los Esclavos afrodescendientes en Guatemala &#8211; CECEG-<\/a><a href=\"https:\/\/ceceg.usac.edu.gt\/wp-content\/uploads\/2025\/10\/Los-Esclavos-afrodescendientes-en-Guatemala-CECEG-.pdf\" class=\"wp-block-file__button wp-element-button\" download aria-describedby=\"wp-block-file--media-fb7f88dd-f566-4218-8004-91393c24f715\">Descarga<\/a><\/div>\n","protected":false},"excerpt":{"rendered":"<p>Descripci\u00f3n: La microhistoria propone la reducci\u00f3n de la escala de observaci\u00f3n en la investigaci\u00f3n cualitativa, es decir, pasar de lo macro o grupo social a lo micro o sujeto social en su contexto inmediato. Lo m\u00e1s importante en los estudios indicados, es que se toman en cuenta los grupos subalternos y las relaciones de los [&hellip;]<\/p>\n","protected":false},"author":1,"featured_media":0,"parent":0,"menu_order":0,"comment_status":"closed","ping_status":"closed","template":"","meta":{"footnotes":""},"class_list":["post-232","page","type-page","status-publish","czr-hentry"],"_links":{"self":[{"href":"https:\/\/ceceg.usac.edu.gt\/index.php\/wp-json\/wp\/v2\/pages\/232","targetHints":{"allow":["GET"]}}],"collection":[{"href":"https:\/\/ceceg.usac.edu.gt\/index.php\/wp-json\/wp\/v2\/pages"}],"about":[{"href":"https:\/\/ceceg.usac.edu.gt\/index.php\/wp-json\/wp\/v2\/types\/page"}],"author":[{"embeddable":true,"href":"https:\/\/ceceg.usac.edu.gt\/index.php\/wp-json\/wp\/v2\/users\/1"}],"replies":[{"embeddable":true,"href":"https:\/\/ceceg.usac.edu.gt\/index.php\/wp-json\/wp\/v2\/comments?post=232"}],"version-history":[{"count":4,"href":"https:\/\/ceceg.usac.edu.gt\/index.php\/wp-json\/wp\/v2\/pages\/232\/revisions"}],"predecessor-version":[{"id":7270,"href":"https:\/\/ceceg.usac.edu.gt\/index.php\/wp-json\/wp\/v2\/pages\/232\/revisions\/7270"}],"wp:attachment":[{"href":"https:\/\/ceceg.usac.edu.gt\/index.php\/wp-json\/wp\/v2\/media?parent=232"}],"curies":[{"name":"wp","href":"https:\/\/api.w.org\/{rel}","templated":true}]}}