{"id":230,"date":"2019-04-02T19:35:25","date_gmt":"2019-04-02T19:35:25","guid":{"rendered":"http:\/\/c3.usac.edu.gt\/cefol.usac.edu.gt\/public_html2\/?page_id=230"},"modified":"2025-10-01T15:53:23","modified_gmt":"2025-10-01T15:53:23","slug":"medicina-tradicional","status":"publish","type":"page","link":"https:\/\/ceceg.usac.edu.gt\/index.php\/medicina-tradicional\/","title":{"rendered":"Medicina Tradicional"},"content":{"rendered":"\n<figure class=\"wp-block-image size-large\"><img loading=\"lazy\" decoding=\"async\" width=\"1024\" height=\"293\" src=\"https:\/\/ceceg.usac.edu.gt\/wp-content\/uploads\/2025\/09\/Area_Medicina-Tradicional-1024x293.jpg\" alt=\"\" class=\"wp-image-6962\" srcset=\"https:\/\/ceceg.usac.edu.gt\/wp-content\/uploads\/2025\/09\/Area_Medicina-Tradicional-1024x293.jpg 1024w, https:\/\/ceceg.usac.edu.gt\/wp-content\/uploads\/2025\/09\/Area_Medicina-Tradicional-300x86.jpg 300w, https:\/\/ceceg.usac.edu.gt\/wp-content\/uploads\/2025\/09\/Area_Medicina-Tradicional-768x219.jpg 768w, https:\/\/ceceg.usac.edu.gt\/wp-content\/uploads\/2025\/09\/Area_Medicina-Tradicional.jpg 1400w\" sizes=\"auto, (max-width: 1024px) 100vw, 1024px\" \/><\/figure>\n\n\n\n<hr class=\"wp-block-separator has-css-opacity\"\/>\n\n\n\n<p><strong>Descripci\u00f3n<\/strong>:<\/p>\n\n\n<div class=\"wp-block-image is-resized is-style-rounded\">\n<figure class=\"alignleft\"><img loading=\"lazy\" decoding=\"async\" width=\"1024\" height=\"1024\" src=\"http:\/\/c3.usac.edu.gt\/cefol.usac.edu.gt\/public_html2\/wp-content\/uploads\/2019\/04\/dibujos-de-areas-02-1024x1024.jpg\" alt=\"\" class=\"wp-image-315\" style=\"width:220px\" srcset=\"https:\/\/ceceg.usac.edu.gt\/wp-content\/uploads\/2019\/04\/dibujos-de-areas-02-1024x1024.jpg 1024w, https:\/\/ceceg.usac.edu.gt\/wp-content\/uploads\/2019\/04\/dibujos-de-areas-02-300x300.jpg 300w, https:\/\/ceceg.usac.edu.gt\/wp-content\/uploads\/2019\/04\/dibujos-de-areas-02-150x150.jpg 150w, https:\/\/ceceg.usac.edu.gt\/wp-content\/uploads\/2019\/04\/dibujos-de-areas-02-768x768.jpg 768w, https:\/\/ceceg.usac.edu.gt\/wp-content\/uploads\/2019\/04\/dibujos-de-areas-02-100x100.jpg 100w, https:\/\/ceceg.usac.edu.gt\/wp-content\/uploads\/2019\/04\/dibujos-de-areas-02.jpg 1200w\" sizes=\"auto, (max-width: 1024px) 100vw, 1024px\" \/><\/figure>\n<\/div>\n\n\n<p class=\"has-text-align-left has-background\" style=\"background-color:#7bdbb53d\"><strong>La medicina tradicional en Guatemala es abordada de distintas formas a lo largo de la historia, desde una perspectiva antropol\u00f3gica como hist\u00f3rica y psicol\u00f3gica. Elba Marina Villatoro (4 de noviembre 1939-25 de enero 2016) como primera investigadora del \u00e1rea de medicina tradicional del Centro de Estudios Folkl\u00f3ricos de la Universidad de San Carlos, contribuy\u00f3 a resguardar y documentar informaci\u00f3n propia de varias regiones de Guatemala, as\u00ed como de los actores sociales que se desenvuelven dentro de la medicina popular guatemalteca. Las distintas investigaciones y compilaciones realizadas por Villatoro aluden a diversas aproximaciones te\u00f3ricas sobre la medicina alternativa en Guatemala, respetando y estableciendo a los actores sociales, tal es el caso de las comadronas, m\u00e9dicos macos, comadronas, curanderos, plantas medicinales.<\/strong><\/p>\n\n\n\n<hr class=\"wp-block-separator has-css-opacity\"\/>\n","protected":false},"excerpt":{"rendered":"<p>Descripci\u00f3n: La medicina tradicional en Guatemala es abordada de distintas formas a lo largo de la historia, desde una perspectiva antropol\u00f3gica como hist\u00f3rica y psicol\u00f3gica. Elba Marina Villatoro (4 de noviembre 1939-25 de enero 2016) como primera investigadora del \u00e1rea de medicina tradicional del Centro de Estudios Folkl\u00f3ricos de la Universidad de San Carlos, contribuy\u00f3 [&hellip;]<\/p>\n","protected":false},"author":1,"featured_media":0,"parent":0,"menu_order":0,"comment_status":"closed","ping_status":"closed","template":"","meta":{"footnotes":""},"class_list":["post-230","page","type-page","status-publish","czr-hentry"],"_links":{"self":[{"href":"https:\/\/ceceg.usac.edu.gt\/index.php\/wp-json\/wp\/v2\/pages\/230","targetHints":{"allow":["GET"]}}],"collection":[{"href":"https:\/\/ceceg.usac.edu.gt\/index.php\/wp-json\/wp\/v2\/pages"}],"about":[{"href":"https:\/\/ceceg.usac.edu.gt\/index.php\/wp-json\/wp\/v2\/types\/page"}],"author":[{"embeddable":true,"href":"https:\/\/ceceg.usac.edu.gt\/index.php\/wp-json\/wp\/v2\/users\/1"}],"replies":[{"embeddable":true,"href":"https:\/\/ceceg.usac.edu.gt\/index.php\/wp-json\/wp\/v2\/comments?post=230"}],"version-history":[{"count":5,"href":"https:\/\/ceceg.usac.edu.gt\/index.php\/wp-json\/wp\/v2\/pages\/230\/revisions"}],"predecessor-version":[{"id":7199,"href":"https:\/\/ceceg.usac.edu.gt\/index.php\/wp-json\/wp\/v2\/pages\/230\/revisions\/7199"}],"wp:attachment":[{"href":"https:\/\/ceceg.usac.edu.gt\/index.php\/wp-json\/wp\/v2\/media?parent=230"}],"curies":[{"name":"wp","href":"https:\/\/api.w.org\/{rel}","templated":true}]}}