{"id":228,"date":"2019-04-02T19:35:01","date_gmt":"2019-04-02T19:35:01","guid":{"rendered":"http:\/\/c3.usac.edu.gt\/cefol.usac.edu.gt\/public_html2\/?page_id=228"},"modified":"2025-10-01T16:03:47","modified_gmt":"2025-10-01T16:03:47","slug":"gastronomia-tradicional","status":"publish","type":"page","link":"https:\/\/ceceg.usac.edu.gt\/index.php\/gastronomia-tradicional\/","title":{"rendered":"Gastronom\u00eda Tradicional"},"content":{"rendered":"\n<figure class=\"wp-block-image size-large\"><img loading=\"lazy\" decoding=\"async\" width=\"1024\" height=\"293\" src=\"https:\/\/ceceg.usac.edu.gt\/wp-content\/uploads\/2025\/09\/Area_Gastronomia-Tradicional-1024x293.jpg\" alt=\"\" class=\"wp-image-6960\" srcset=\"https:\/\/ceceg.usac.edu.gt\/wp-content\/uploads\/2025\/09\/Area_Gastronomia-Tradicional-1024x293.jpg 1024w, https:\/\/ceceg.usac.edu.gt\/wp-content\/uploads\/2025\/09\/Area_Gastronomia-Tradicional-300x86.jpg 300w, https:\/\/ceceg.usac.edu.gt\/wp-content\/uploads\/2025\/09\/Area_Gastronomia-Tradicional-768x219.jpg 768w, https:\/\/ceceg.usac.edu.gt\/wp-content\/uploads\/2025\/09\/Area_Gastronomia-Tradicional.jpg 1400w\" sizes=\"auto, (max-width: 1024px) 100vw, 1024px\" \/><\/figure>\n\n\n\n<p><\/p>\n\n\n\n<hr class=\"wp-block-separator has-css-opacity\"\/>\n\n\n\n<p><strong>Descripci\u00f3n<\/strong>:<\/p>\n\n\n<div class=\"wp-block-image is-resized is-style-rounded\">\n<figure class=\"alignleft\"><img loading=\"lazy\" decoding=\"async\" width=\"1024\" height=\"1024\" src=\"http:\/\/c3.usac.edu.gt\/cefol.usac.edu.gt\/public_html2\/wp-content\/uploads\/2019\/04\/dibujos-de-areas-07-1024x1024.jpg\" alt=\"\" class=\"wp-image-313\" style=\"width:220px\" srcset=\"https:\/\/ceceg.usac.edu.gt\/wp-content\/uploads\/2019\/04\/dibujos-de-areas-07-1024x1024.jpg 1024w, https:\/\/ceceg.usac.edu.gt\/wp-content\/uploads\/2019\/04\/dibujos-de-areas-07-300x300.jpg 300w, https:\/\/ceceg.usac.edu.gt\/wp-content\/uploads\/2019\/04\/dibujos-de-areas-07-150x150.jpg 150w, https:\/\/ceceg.usac.edu.gt\/wp-content\/uploads\/2019\/04\/dibujos-de-areas-07-768x768.jpg 768w, https:\/\/ceceg.usac.edu.gt\/wp-content\/uploads\/2019\/04\/dibujos-de-areas-07-100x100.jpg 100w, https:\/\/ceceg.usac.edu.gt\/wp-content\/uploads\/2019\/04\/dibujos-de-areas-07.jpg 1200w\" sizes=\"auto, (max-width: 1024px) 100vw, 1024px\" \/><\/figure>\n<\/div>\n\n\n<p class=\"has-background\" style=\"background-color:#f9353521\"><strong>La investigaci\u00f3n sobre Gastronom\u00eda Tradicional, ha permitido que el Centro de Estudios Folkl\u00f3ricos enriquezca la informaci\u00f3n contenida en su propio centro de documentaci\u00f3n, respondiendo a la demanda de informaci\u00f3n que se ha manifestado en los \u00faltimos a\u00f1os en cuanto a temas relacionados. Se presenta una s\u00edntesis de los 12 aportes investigativos plasmados en la Revista Tradiciones de Guatemala y Boletines La Tradici\u00f3n Popular, emanados a partir del a\u00f1o 2013. Para tal efecto se procedi\u00f3 a realizar una revisi\u00f3n bibliogr\u00e1fica previa. De igual manera se enlistan aquellas investigaciones del \u00e1rea que otros profesionales dejaron plasmadas en las publicaciones peri\u00f3dicas del centro previo a la creaci\u00f3n formal del \u00e1rea de investigaci\u00f3n.<\/strong><br><\/p>\n\n\n\n<hr class=\"wp-block-separator has-css-opacity\"\/>\n","protected":false},"excerpt":{"rendered":"<p>Descripci\u00f3n: La investigaci\u00f3n sobre Gastronom\u00eda Tradicional, ha permitido que el Centro de Estudios Folkl\u00f3ricos enriquezca la informaci\u00f3n contenida en su propio centro de documentaci\u00f3n, respondiendo a la demanda de informaci\u00f3n que se ha manifestado en los \u00faltimos a\u00f1os en cuanto a temas relacionados. Se presenta una s\u00edntesis de los 12 aportes investigativos plasmados en la [&hellip;]<\/p>\n","protected":false},"author":1,"featured_media":548,"parent":0,"menu_order":0,"comment_status":"closed","ping_status":"closed","template":"","meta":{"footnotes":""},"class_list":["post-228","page","type-page","status-publish","has-post-thumbnail","czr-hentry"],"_links":{"self":[{"href":"https:\/\/ceceg.usac.edu.gt\/index.php\/wp-json\/wp\/v2\/pages\/228","targetHints":{"allow":["GET"]}}],"collection":[{"href":"https:\/\/ceceg.usac.edu.gt\/index.php\/wp-json\/wp\/v2\/pages"}],"about":[{"href":"https:\/\/ceceg.usac.edu.gt\/index.php\/wp-json\/wp\/v2\/types\/page"}],"author":[{"embeddable":true,"href":"https:\/\/ceceg.usac.edu.gt\/index.php\/wp-json\/wp\/v2\/users\/1"}],"replies":[{"embeddable":true,"href":"https:\/\/ceceg.usac.edu.gt\/index.php\/wp-json\/wp\/v2\/comments?post=228"}],"version-history":[{"count":10,"href":"https:\/\/ceceg.usac.edu.gt\/index.php\/wp-json\/wp\/v2\/pages\/228\/revisions"}],"predecessor-version":[{"id":7216,"href":"https:\/\/ceceg.usac.edu.gt\/index.php\/wp-json\/wp\/v2\/pages\/228\/revisions\/7216"}],"wp:featuredmedia":[{"embeddable":true,"href":"https:\/\/ceceg.usac.edu.gt\/index.php\/wp-json\/wp\/v2\/media\/548"}],"wp:attachment":[{"href":"https:\/\/ceceg.usac.edu.gt\/index.php\/wp-json\/wp\/v2\/media?parent=228"}],"curies":[{"name":"wp","href":"https:\/\/api.w.org\/{rel}","templated":true}]}}