{"id":224,"date":"2019-04-02T19:34:11","date_gmt":"2019-04-02T19:34:11","guid":{"rendered":"http:\/\/c3.usac.edu.gt\/cefol.usac.edu.gt\/public_html2\/?page_id=224"},"modified":"2025-10-01T16:00:58","modified_gmt":"2025-10-01T16:00:58","slug":"etnomusicologia","status":"publish","type":"page","link":"https:\/\/ceceg.usac.edu.gt\/index.php\/etnomusicologia\/","title":{"rendered":"Etnomusicolog\u00eda"},"content":{"rendered":"\n<figure class=\"wp-block-image size-large\"><img loading=\"lazy\" decoding=\"async\" width=\"1024\" height=\"293\" src=\"https:\/\/ceceg.usac.edu.gt\/wp-content\/uploads\/2025\/09\/Area_Etnomusicologia-1024x293.jpg\" alt=\"\" class=\"wp-image-6958\" srcset=\"https:\/\/ceceg.usac.edu.gt\/wp-content\/uploads\/2025\/09\/Area_Etnomusicologia-1024x293.jpg 1024w, https:\/\/ceceg.usac.edu.gt\/wp-content\/uploads\/2025\/09\/Area_Etnomusicologia-300x86.jpg 300w, https:\/\/ceceg.usac.edu.gt\/wp-content\/uploads\/2025\/09\/Area_Etnomusicologia-768x219.jpg 768w, https:\/\/ceceg.usac.edu.gt\/wp-content\/uploads\/2025\/09\/Area_Etnomusicologia.jpg 1400w\" sizes=\"auto, (max-width: 1024px) 100vw, 1024px\" \/><\/figure>\n\n\n\n<hr class=\"wp-block-separator has-css-opacity\"\/>\n\n\n\n<p><strong>Descripci\u00f3n:<\/strong><\/p>\n\n\n<div class=\"wp-block-image is-resized is-style-rounded\">\n<figure class=\"alignleft\"><img loading=\"lazy\" decoding=\"async\" width=\"1024\" height=\"1024\" src=\"http:\/\/c3.usac.edu.gt\/cefol.usac.edu.gt\/public_html2\/wp-content\/uploads\/2019\/04\/dibujos-de-areas-09-1024x1024.jpg\" alt=\"\" class=\"wp-image-310\" style=\"width:220px\" srcset=\"https:\/\/ceceg.usac.edu.gt\/wp-content\/uploads\/2019\/04\/dibujos-de-areas-09-1024x1024.jpg 1024w, https:\/\/ceceg.usac.edu.gt\/wp-content\/uploads\/2019\/04\/dibujos-de-areas-09-300x300.jpg 300w, https:\/\/ceceg.usac.edu.gt\/wp-content\/uploads\/2019\/04\/dibujos-de-areas-09-150x150.jpg 150w, https:\/\/ceceg.usac.edu.gt\/wp-content\/uploads\/2019\/04\/dibujos-de-areas-09-768x768.jpg 768w, https:\/\/ceceg.usac.edu.gt\/wp-content\/uploads\/2019\/04\/dibujos-de-areas-09-100x100.jpg 100w, https:\/\/ceceg.usac.edu.gt\/wp-content\/uploads\/2019\/04\/dibujos-de-areas-09.jpg 1200w\" sizes=\"auto, (max-width: 1024px) 100vw, 1024px\" \/><\/figure>\n<\/div>\n\n\n<p><\/p>\n\n\n\n<p class=\"has-background\" style=\"background-color:#d6859940\"><br><strong>Surgi\u00f3 de la necesidad de la recopilaci\u00f3n in situ del fen\u00f3meno sonoro tradicional, para lo que se creo un archivo sonoro a partir de 1981. <\/strong><br><strong><br>En 1977 naci\u00f3 el \u00e1rea de Etnomusicolog\u00eda en el Cefol, gracias a la gesti\u00f3n del Director de ese entonces, quien logro que el Consejo Superior Universitario aprobara un programa dedicado al conocimiento de la m\u00fasica de tradici\u00f3n oral en Guatemala. Para estudiar el fen\u00f3meno sonoro del pa\u00eds la fenomenolog\u00eda, transcripci\u00f3n y\u00a0an\u00e1lisis\u00a0del hecho sonoro y al estudio de sus instrumentos musicales, organolog\u00eda,\u00a0ac\u00fastica\u00a0y t\u00edmbrica.   <\/strong><br><\/p>\n\n\n\n<p><\/p>\n\n\n\n<hr class=\"wp-block-separator has-css-opacity\"\/>\n","protected":false},"excerpt":{"rendered":"<p>Descripci\u00f3n: Surgi\u00f3 de la necesidad de la recopilaci\u00f3n in situ del fen\u00f3meno sonoro tradicional, para lo que se creo un archivo sonoro a partir de 1981. En 1977 naci\u00f3 el \u00e1rea de Etnomusicolog\u00eda en el Cefol, gracias a la gesti\u00f3n del Director de ese entonces, quien logro que el Consejo Superior Universitario aprobara un programa [&hellip;]<\/p>\n","protected":false},"author":1,"featured_media":0,"parent":0,"menu_order":0,"comment_status":"closed","ping_status":"closed","template":"","meta":{"footnotes":""},"class_list":["post-224","page","type-page","status-publish","czr-hentry"],"_links":{"self":[{"href":"https:\/\/ceceg.usac.edu.gt\/index.php\/wp-json\/wp\/v2\/pages\/224","targetHints":{"allow":["GET"]}}],"collection":[{"href":"https:\/\/ceceg.usac.edu.gt\/index.php\/wp-json\/wp\/v2\/pages"}],"about":[{"href":"https:\/\/ceceg.usac.edu.gt\/index.php\/wp-json\/wp\/v2\/types\/page"}],"author":[{"embeddable":true,"href":"https:\/\/ceceg.usac.edu.gt\/index.php\/wp-json\/wp\/v2\/users\/1"}],"replies":[{"embeddable":true,"href":"https:\/\/ceceg.usac.edu.gt\/index.php\/wp-json\/wp\/v2\/comments?post=224"}],"version-history":[{"count":6,"href":"https:\/\/ceceg.usac.edu.gt\/index.php\/wp-json\/wp\/v2\/pages\/224\/revisions"}],"predecessor-version":[{"id":7212,"href":"https:\/\/ceceg.usac.edu.gt\/index.php\/wp-json\/wp\/v2\/pages\/224\/revisions\/7212"}],"wp:attachment":[{"href":"https:\/\/ceceg.usac.edu.gt\/index.php\/wp-json\/wp\/v2\/media?parent=224"}],"curies":[{"name":"wp","href":"https:\/\/api.w.org\/{rel}","templated":true}]}}