{"id":222,"date":"2019-04-02T19:33:30","date_gmt":"2019-04-02T19:33:30","guid":{"rendered":"http:\/\/c3.usac.edu.gt\/cefol.usac.edu.gt\/public_html2\/?page_id=222"},"modified":"2025-10-01T15:58:48","modified_gmt":"2025-10-01T15:58:48","slug":"coreologia-y-artes-escenicas-populares","status":"publish","type":"page","link":"https:\/\/ceceg.usac.edu.gt\/index.php\/coreologia-y-artes-escenicas-populares\/","title":{"rendered":"Coreolog\u00eda y Artes Esc\u00e9nicas Populares"},"content":{"rendered":"\n<figure class=\"wp-block-image size-large\"><img loading=\"lazy\" decoding=\"async\" width=\"1024\" height=\"293\" src=\"https:\/\/ceceg.usac.edu.gt\/wp-content\/uploads\/2025\/09\/Area_Coreologia-y-Artes-Escenicas-Populares-1024x293.jpg\" alt=\"\" class=\"wp-image-6952\" srcset=\"https:\/\/ceceg.usac.edu.gt\/wp-content\/uploads\/2025\/09\/Area_Coreologia-y-Artes-Escenicas-Populares-1024x293.jpg 1024w, https:\/\/ceceg.usac.edu.gt\/wp-content\/uploads\/2025\/09\/Area_Coreologia-y-Artes-Escenicas-Populares-300x86.jpg 300w, https:\/\/ceceg.usac.edu.gt\/wp-content\/uploads\/2025\/09\/Area_Coreologia-y-Artes-Escenicas-Populares-768x219.jpg 768w, https:\/\/ceceg.usac.edu.gt\/wp-content\/uploads\/2025\/09\/Area_Coreologia-y-Artes-Escenicas-Populares.jpg 1400w\" sizes=\"auto, (max-width: 1024px) 100vw, 1024px\" \/><\/figure>\n\n\n\n<hr class=\"wp-block-separator has-css-opacity\"\/>\n\n\n\n<p class=\"has-text-align-left\"><strong>Descripci\u00f3n:<\/strong><\/p>\n\n\n<div class=\"wp-block-image is-resized is-style-rounded\">\n<figure class=\"alignleft\"><img loading=\"lazy\" decoding=\"async\" width=\"1024\" height=\"1024\" src=\"http:\/\/c3.usac.edu.gt\/cefol.usac.edu.gt\/public_html2\/wp-content\/uploads\/2019\/04\/dibujos-de-areas-04-1024x1024.jpg\" alt=\"\" class=\"wp-image-303\" style=\"width:220px\" srcset=\"https:\/\/ceceg.usac.edu.gt\/wp-content\/uploads\/2019\/04\/dibujos-de-areas-04-1024x1024.jpg 1024w, https:\/\/ceceg.usac.edu.gt\/wp-content\/uploads\/2019\/04\/dibujos-de-areas-04-300x300.jpg 300w, https:\/\/ceceg.usac.edu.gt\/wp-content\/uploads\/2019\/04\/dibujos-de-areas-04-150x150.jpg 150w, https:\/\/ceceg.usac.edu.gt\/wp-content\/uploads\/2019\/04\/dibujos-de-areas-04-768x768.jpg 768w, https:\/\/ceceg.usac.edu.gt\/wp-content\/uploads\/2019\/04\/dibujos-de-areas-04-100x100.jpg 100w, https:\/\/ceceg.usac.edu.gt\/wp-content\/uploads\/2019\/04\/dibujos-de-areas-04.jpg 1200w\" sizes=\"auto, (max-width: 1024px) 100vw, 1024px\" \/><\/figure>\n<\/div>\n\n\n<p class=\"has-background\" style=\"background-color:#f78da840\"><br><strong>Se cre\u00f3 para resguardar las manifestaciones danzar\u00edas tradicionales de Guatemala, ante el peligro de su inminente desaparici\u00f3n.                                                                        Investigar, rescatar y socializar los fen\u00f3menos del campo danzario de Guatemala, con el fin de generar conciencia de la riqueza coreol\u00f3gica y coreogr\u00e1fica del pa\u00eds. La apuesta en valor de los portadores de danza tradicional y la transferencia de los resultados de investigaci\u00f3n para programas educativos formales y no formales de ense\u00f1anza coreol\u00f3gica y coreogr\u00e1fica. <\/strong><br><br><\/p>\n\n\n\n<hr class=\"wp-block-separator has-css-opacity\"\/>\n","protected":false},"excerpt":{"rendered":"<p>Descripci\u00f3n: Se cre\u00f3 para resguardar las manifestaciones danzar\u00edas tradicionales de Guatemala, ante el peligro de su inminente desaparici\u00f3n. Investigar, rescatar y socializar los fen\u00f3menos del campo danzario de Guatemala, con el fin de generar conciencia de la riqueza coreol\u00f3gica y coreogr\u00e1fica del pa\u00eds. La apuesta en valor de los portadores de danza tradicional y la [&hellip;]<\/p>\n","protected":false},"author":1,"featured_media":0,"parent":0,"menu_order":0,"comment_status":"closed","ping_status":"closed","template":"","meta":{"footnotes":""},"class_list":["post-222","page","type-page","status-publish","czr-hentry"],"_links":{"self":[{"href":"https:\/\/ceceg.usac.edu.gt\/index.php\/wp-json\/wp\/v2\/pages\/222","targetHints":{"allow":["GET"]}}],"collection":[{"href":"https:\/\/ceceg.usac.edu.gt\/index.php\/wp-json\/wp\/v2\/pages"}],"about":[{"href":"https:\/\/ceceg.usac.edu.gt\/index.php\/wp-json\/wp\/v2\/types\/page"}],"author":[{"embeddable":true,"href":"https:\/\/ceceg.usac.edu.gt\/index.php\/wp-json\/wp\/v2\/users\/1"}],"replies":[{"embeddable":true,"href":"https:\/\/ceceg.usac.edu.gt\/index.php\/wp-json\/wp\/v2\/comments?post=222"}],"version-history":[{"count":6,"href":"https:\/\/ceceg.usac.edu.gt\/index.php\/wp-json\/wp\/v2\/pages\/222\/revisions"}],"predecessor-version":[{"id":7208,"href":"https:\/\/ceceg.usac.edu.gt\/index.php\/wp-json\/wp\/v2\/pages\/222\/revisions\/7208"}],"wp:attachment":[{"href":"https:\/\/ceceg.usac.edu.gt\/index.php\/wp-json\/wp\/v2\/media?parent=222"}],"curies":[{"name":"wp","href":"https:\/\/api.w.org\/{rel}","templated":true}]}}