{"id":22,"date":"2019-03-26T16:54:42","date_gmt":"2019-03-26T16:54:42","guid":{"rendered":"http:\/\/c3.usac.edu.gt\/cefol.usac.edu.gt\/public_html2\/?page_id=22"},"modified":"2025-09-30T15:09:59","modified_gmt":"2025-09-30T15:09:59","slug":"mision-y-vision","status":"publish","type":"page","link":"https:\/\/ceceg.usac.edu.gt\/index.php\/mision-y-vision\/","title":{"rendered":"Prop\u00f3sito y Proyecci\u00f3n"},"content":{"rendered":"\n<hr class=\"wp-block-separator has-alpha-channel-opacity\"\/>\n\n\n\n<div class=\"wp-block-group is-layout-grid wp-container-core-group-is-layout-baef362d wp-block-group-is-layout-grid\" style=\"font-size:16px\">\n<div class=\"wp-block-columns is-layout-flex wp-container-core-columns-is-layout-9d6595d7 wp-block-columns-is-layout-flex\">\n<div class=\"wp-block-column is-layout-flow wp-block-column-is-layout-flow\" style=\"flex-basis:86%\">\n<pre class=\"wp-block-verse has-text-align-center has-black-color has-pale-ocean-gradient-background has-text-color has-background has-link-color has-medium-font-size wp-elements-212e6b4574d1e1d4e20cb5407fd5aadb\"><strong>Misi\u00f3n<\/strong><\/pre>\n\n\n\n<pre class=\"wp-block-verse has-background\" style=\"background-color:#d1ece1\"><strong>Somos el Centro de investigaci\u00f3n de la Universidad de San Carlos de Guatemala, encargado de rescatar, conservar, proteger, promover y difundir las diversas manifestaciones y valores fundamentales de la identidad multicultural del pa\u00eds.<\/strong><\/pre>\n<\/div>\n<\/div>\n\n\n\n<div class=\"wp-block-columns wp-container-content-5e2576f9 is-layout-flex wp-container-core-columns-is-layout-9d6595d7 wp-block-columns-is-layout-flex\">\n<div class=\"wp-block-column is-layout-flow wp-block-column-is-layout-flow\" style=\"flex-basis:86%\">\n<pre class=\"wp-block-verse has-text-align-center has-black-color has-text-color has-background has-link-color has-medium-font-size wp-elements-5c84b7244c2d4f9064b17b0742a41a8b\" style=\"background:linear-gradient(135deg,rgb(204,248,255) 0%,rgb(128,179,215) 50%,rgb(31,149,162) 100%)\"><strong>Visi\u00f3n<\/strong><\/pre>\n\n\n\n<pre class=\"wp-block-verse has-background\" style=\"background-color:#c5e1f0\"><strong>Ser el referente de investigaci\u00f3n y de liderazgo en el estudio, interpretaci\u00f3n y comprensi\u00f3n de las distintas culturas en Guatemala y su relaci\u00f3n con el contexto latinoamericano, como base para el desarrollo integral de la sociedad guatemalteca.<\/strong><\/pre>\n<\/div>\n<\/div>\n<\/div>\n\n\n\n<p><\/p>\n","protected":false},"excerpt":{"rendered":"<p>Misi\u00f3n Somos el Centro de investigaci\u00f3n de la Universidad de San Carlos de Guatemala, encargado de rescatar, conservar, proteger, promover y difundir las diversas manifestaciones y valores fundamentales de la identidad multicultural del pa\u00eds. Visi\u00f3n Ser el referente de investigaci\u00f3n y de liderazgo en el estudio, interpretaci\u00f3n y comprensi\u00f3n de las distintas culturas en Guatemala [&hellip;]<\/p>\n","protected":false},"author":1,"featured_media":0,"parent":0,"menu_order":0,"comment_status":"closed","ping_status":"closed","template":"","meta":{"footnotes":""},"class_list":["post-22","page","type-page","status-publish","czr-hentry"],"_links":{"self":[{"href":"https:\/\/ceceg.usac.edu.gt\/index.php\/wp-json\/wp\/v2\/pages\/22","targetHints":{"allow":["GET"]}}],"collection":[{"href":"https:\/\/ceceg.usac.edu.gt\/index.php\/wp-json\/wp\/v2\/pages"}],"about":[{"href":"https:\/\/ceceg.usac.edu.gt\/index.php\/wp-json\/wp\/v2\/types\/page"}],"author":[{"embeddable":true,"href":"https:\/\/ceceg.usac.edu.gt\/index.php\/wp-json\/wp\/v2\/users\/1"}],"replies":[{"embeddable":true,"href":"https:\/\/ceceg.usac.edu.gt\/index.php\/wp-json\/wp\/v2\/comments?post=22"}],"version-history":[{"count":35,"href":"https:\/\/ceceg.usac.edu.gt\/index.php\/wp-json\/wp\/v2\/pages\/22\/revisions"}],"predecessor-version":[{"id":7105,"href":"https:\/\/ceceg.usac.edu.gt\/index.php\/wp-json\/wp\/v2\/pages\/22\/revisions\/7105"}],"wp:attachment":[{"href":"https:\/\/ceceg.usac.edu.gt\/index.php\/wp-json\/wp\/v2\/media?parent=22"}],"curies":[{"name":"wp","href":"https:\/\/api.w.org\/{rel}","templated":true}]}}