{"id":18,"date":"2019-03-26T16:50:09","date_gmt":"2019-03-26T16:50:09","guid":{"rendered":"http:\/\/c3.usac.edu.gt\/cefol.usac.edu.gt\/public_html2\/?page_id=18"},"modified":"2025-09-30T15:21:48","modified_gmt":"2025-09-30T15:21:48","slug":"inicio","status":"publish","type":"page","link":"https:\/\/ceceg.usac.edu.gt\/","title":{"rendered":"Inicio"},"content":{"rendered":"<div class=\"wp-block-image is-style-rounded\">\n<figure class=\"alignleft size-large\"><img loading=\"lazy\" decoding=\"async\" width=\"1024\" height=\"293\" src=\"https:\/\/ceceg.usac.edu.gt\/wp-content\/uploads\/2025\/09\/Inicio-1024x293.jpg\" alt=\"\" class=\"wp-image-6974\" srcset=\"https:\/\/ceceg.usac.edu.gt\/wp-content\/uploads\/2025\/09\/Inicio-1024x293.jpg 1024w, https:\/\/ceceg.usac.edu.gt\/wp-content\/uploads\/2025\/09\/Inicio-300x86.jpg 300w, https:\/\/ceceg.usac.edu.gt\/wp-content\/uploads\/2025\/09\/Inicio-768x219.jpg 768w, https:\/\/ceceg.usac.edu.gt\/wp-content\/uploads\/2025\/09\/Inicio.jpg 1400w\" sizes=\"auto, (max-width: 1024px) 100vw, 1024px\" \/><\/figure>\n<\/div>\n\n\n<h3 class=\"wp-block-heading\"><strong>\u200b\u00bfQui\u00e9nes somos?<\/strong><\/h3>\n\n\n\n<p>El Centro de Estudios de las Culturas en Guatemala, de la Universidad de San Carlos de Guatemala, es una instituci\u00f3n especializada \u00fanica en el \u00e1rea centroamericana, creada para la investigaci\u00f3n de la cultura popular tradicional y cultura popular guatemalteca. \u00a0Se encarga de promover, organizar, dirigir, coordinar, ejecutar y evaluar la actividad investigativa de la cultura popular tradicional y cultura popular guatemalteca.<\/p>\n\n\n\n<div class=\"wp-block-group alignwide has-very-light-gray-to-cyan-bluish-gray-gradient-background has-background\"><div class=\"wp-block-group__inner-container is-layout-flow wp-block-group-is-layout-flow\">\n<h3 class=\"wp-block-heading\"><strong>Misi\u00f3n<\/strong><\/h3>\n\n\n\n<p>Somos el Centro de investigaci\u00f3n de la Universidad de San Carlos de Guatemala, encargado de rescatar, conservar, proteger, promover y difundir las diversas manifestaciones y valores fundamentales de la identidad multicultural del pa\u00eds. <\/p>\n<\/div><\/div>\n\n\n\n<div class=\"wp-block-group alignwide has-background\" style=\"background:linear-gradient(135deg,rgb(241,242,237) 0%,rgb(244,222,204) 43%,rgb(253,194,155) 100%)\"><div class=\"wp-block-group__inner-container is-layout-flow wp-block-group-is-layout-flow\">\n<h3 class=\"wp-block-heading\"><strong>Visi\u00f3n<\/strong><\/h3>\n\n\n\n<p>Ser el referente de investigaci\u00f3n y de liderazgo en el estudio, interpretaci\u00f3n y comprensi\u00f3n de las distintas culturas en Guatemala y su relaci\u00f3n con el contexto latinoamericano, como base para el desarrollo integral de la sociedad guatemalteca. <\/p>\n<\/div><\/div>\n\n\n\n<p><\/p>\n","protected":false},"excerpt":{"rendered":"<p>\u200b\u00bfQui\u00e9nes somos? El Centro de Estudios de las Culturas en Guatemala, de la Universidad de San Carlos de Guatemala, es una instituci\u00f3n especializada \u00fanica en el \u00e1rea centroamericana, creada para la investigaci\u00f3n de la cultura popular tradicional y cultura popular guatemalteca. \u00a0Se encarga de promover, organizar, dirigir, coordinar, ejecutar y evaluar la actividad investigativa de [&hellip;]<\/p>\n","protected":false},"author":1,"featured_media":0,"parent":0,"menu_order":0,"comment_status":"closed","ping_status":"closed","template":"","meta":{"footnotes":""},"class_list":["post-18","page","type-page","status-publish","czr-hentry"],"_links":{"self":[{"href":"https:\/\/ceceg.usac.edu.gt\/index.php\/wp-json\/wp\/v2\/pages\/18","targetHints":{"allow":["GET"]}}],"collection":[{"href":"https:\/\/ceceg.usac.edu.gt\/index.php\/wp-json\/wp\/v2\/pages"}],"about":[{"href":"https:\/\/ceceg.usac.edu.gt\/index.php\/wp-json\/wp\/v2\/types\/page"}],"author":[{"embeddable":true,"href":"https:\/\/ceceg.usac.edu.gt\/index.php\/wp-json\/wp\/v2\/users\/1"}],"replies":[{"embeddable":true,"href":"https:\/\/ceceg.usac.edu.gt\/index.php\/wp-json\/wp\/v2\/comments?post=18"}],"version-history":[{"count":18,"href":"https:\/\/ceceg.usac.edu.gt\/index.php\/wp-json\/wp\/v2\/pages\/18\/revisions"}],"predecessor-version":[{"id":7118,"href":"https:\/\/ceceg.usac.edu.gt\/index.php\/wp-json\/wp\/v2\/pages\/18\/revisions\/7118"}],"wp:attachment":[{"href":"https:\/\/ceceg.usac.edu.gt\/index.php\/wp-json\/wp\/v2\/media?parent=18"}],"curies":[{"name":"wp","href":"https:\/\/api.w.org\/{rel}","templated":true}]}}