{"id":100,"date":"2019-03-27T14:05:38","date_gmt":"2019-03-27T14:05:38","guid":{"rendered":"http:\/\/c3.usac.edu.gt\/cefol.usac.edu.gt\/public_html2\/?page_id=100"},"modified":"2025-09-30T20:06:45","modified_gmt":"2025-09-30T20:06:45","slug":"xochitl-anaite-castro","status":"publish","type":"page","link":"https:\/\/ceceg.usac.edu.gt\/index.php\/xochitl-anaite-castro\/","title":{"rendered":"Xochitl Anait\u00e9 Castro"},"content":{"rendered":"<div class=\"wp-block-image is-style-rounded\">\n<figure class=\"aligncenter size-large\"><img loading=\"lazy\" decoding=\"async\" width=\"1024\" height=\"684\" src=\"https:\/\/ceceg.usac.edu.gt\/wp-content\/uploads\/2023\/05\/FAB_6866-1024x684.jpg\" alt=\"\" class=\"wp-image-859\" srcset=\"https:\/\/ceceg.usac.edu.gt\/wp-content\/uploads\/2023\/05\/FAB_6866-1024x684.jpg 1024w, https:\/\/ceceg.usac.edu.gt\/wp-content\/uploads\/2023\/05\/FAB_6866-300x200.jpg 300w, https:\/\/ceceg.usac.edu.gt\/wp-content\/uploads\/2023\/05\/FAB_6866-768x513.jpg 768w, https:\/\/ceceg.usac.edu.gt\/wp-content\/uploads\/2023\/05\/FAB_6866-1536x1025.jpg 1536w, https:\/\/ceceg.usac.edu.gt\/wp-content\/uploads\/2023\/05\/FAB_6866-2048x1367.jpg 2048w\" sizes=\"auto, (max-width: 1024px) 100vw, 1024px\" \/><\/figure>\n<\/div>\n\n\n<hr class=\"wp-block-separator has-css-opacity\"\/>\n\n\n\n<ul style=\"background:linear-gradient(135deg,rgb(204,246,232) 0%,rgb(238,245,225) 47%,rgb(186,222,204) 100%)\" class=\"wp-block-list has-background\">\n<li>Nombre: <strong>Xochitl Anait\u00e9 Castro Ramos<\/strong><\/li>\n\n\n\n<li>Nacionalidad: <strong>Guatemalteca<\/strong><\/li>\n\n\n\n<li>Grado acad\u00e9mico:  <strong>Licenciada en Ciencias Jur\u00eddicas y Sociales, Abogada y Notaria \/  Licenciada en Antropolog\u00eda <\/strong><\/li>\n\n\n\n<li>Correo electr\u00f3nico: <strong>xcastroramos@yahoo.com<\/strong><\/li>\n\n\n\n<li>Lugar de Trabajo: <strong>Centro de Estudios de las Culturas en Guatemala<\/strong> <strong>CECEG\/USAC<\/strong><\/li>\n<\/ul>\n\n\n\n<hr class=\"wp-block-separator has-css-opacity\"\/>\n\n\n\n<p><strong>Publicaciones:<\/strong><\/p>\n\n\n\n<ul class=\"wp-block-list\">\n<li><a href=\"https:\/\/revistasceceg.usac.edu.gt\/detallearticulo.php?c=546&amp;a=2375\">Historia de vida de Tom\u00e1s Garc\u00eda Recinos, maestro ense\u00f1ador de la danza de Moros y Cristianos en Chiquimula<\/a><\/li>\n\n\n\n<li><a href=\"https:\/\/revistasceceg.usac.edu.gt\/detallearticulo.php?c=543&amp;a=2255\">\u00bfQu\u00e9 pasar\u00e1 con la fiesta patronal? La vivencia de dos expresiones danzarias del \u00e1rea urbana y rural de Guatemala frente a la pandemia de la covid-19<\/a><\/li>\n\n\n\n<li><a href=\"https:\/\/revistasceceg.usac.edu.gt\/detallearticulo.php?c=528&amp;a=2139\">El lado divertido del ritual: Los convites del Centro Hist\u00f3rico de la ciudad de Mixco<\/a><\/li>\n\n\n\n<li><a href=\"https:\/\/revistasceceg.usac.edu.gt\/detallearticulo.php?c=513&amp;a=2062\">Guajitos, LA HISTORIA DE UNA COLONIA DE MILICIANOS, AGRICULTORES Y MIGRANTES<\/a><\/li>\n\n\n\n<li><a href=\"https:\/\/revistasceceg.usac.edu.gt\/detallearticulo.php?c=513&amp;a=2063\">FESTEJOS GUADALUPANOS EN LA COLONIA GUAJITOS, CIUDAD DE GUATEMALA: DANZAS, LOAS Y CONVITES POPULARES<\/a><\/li>\n<\/ul>\n","protected":false},"excerpt":{"rendered":"<p>Publicaciones:<\/p>\n","protected":false},"author":1,"featured_media":0,"parent":0,"menu_order":0,"comment_status":"closed","ping_status":"closed","template":"","meta":{"footnotes":""},"class_list":["post-100","page","type-page","status-publish","czr-hentry"],"_links":{"self":[{"href":"https:\/\/ceceg.usac.edu.gt\/index.php\/wp-json\/wp\/v2\/pages\/100","targetHints":{"allow":["GET"]}}],"collection":[{"href":"https:\/\/ceceg.usac.edu.gt\/index.php\/wp-json\/wp\/v2\/pages"}],"about":[{"href":"https:\/\/ceceg.usac.edu.gt\/index.php\/wp-json\/wp\/v2\/types\/page"}],"author":[{"embeddable":true,"href":"https:\/\/ceceg.usac.edu.gt\/index.php\/wp-json\/wp\/v2\/users\/1"}],"replies":[{"embeddable":true,"href":"https:\/\/ceceg.usac.edu.gt\/index.php\/wp-json\/wp\/v2\/comments?post=100"}],"version-history":[{"count":5,"href":"https:\/\/ceceg.usac.edu.gt\/index.php\/wp-json\/wp\/v2\/pages\/100\/revisions"}],"predecessor-version":[{"id":7139,"href":"https:\/\/ceceg.usac.edu.gt\/index.php\/wp-json\/wp\/v2\/pages\/100\/revisions\/7139"}],"wp:attachment":[{"href":"https:\/\/ceceg.usac.edu.gt\/index.php\/wp-json\/wp\/v2\/media?parent=100"}],"curies":[{"name":"wp","href":"https:\/\/api.w.org\/{rel}","templated":true}]}}